{"id":2981,"date":"2025-02-05T10:19:34","date_gmt":"2025-02-05T09:19:34","guid":{"rendered":"https:\/\/mom.tibidabo.hu\/?page_id=2981"},"modified":"2026-05-13T13:21:59","modified_gmt":"2026-05-13T11:21:59","slug":"napi-ajanlat","status":"publish","type":"page","link":"https:\/\/mom.tibidabo.hu\/en\/napi-ajanlat\/","title":{"rendered":"Daily Special"},"content":{"rendered":"<h2>We welcome you with exciting lunch specials at Tibidabo Restaurant!<\/h2>\n<h2>2026.01.05-t\u0151l ism\u00e9t izgalmas eb\u00e9d aj\u00e1nlatokkal v\u00e1r a Tibidabo \u00c9tterem!<\/h2>\n<p>Tibidabo offers freshly prepared dishes every weekday,\u00a0<b>guaranteed gluten-free<\/b> for lunch!<\/p>\n<p>Spice up your workweek with our rich soups, flavorful main courses, and tempting dessert specials!\u00a0<\/p>\n<h2>2 fog\u00e1sos men\u00fc: 4.490 Ft<\/h2>\n<h2>3 fog\u00e1sos men\u00fc: 5.290 Ft <\/h2>\n<h2>Today's Special: <br \/>\n05.11-15.<\/h2>\n<p><strong>Monday<\/strong><br \/>Minestrone soup (7,9)<br \/>Green pea stew with fried debrecen sausage<\/p>\n<p><strong>Tuesday<\/strong><br \/>Cream of cauliflower soup with chickpeas<br \/>Caprese chicken breast fillet with jasmine rice (7)<\/p>\n<p><strong>Wednesday<\/strong><br \/>Chilled mixed fruit soup<br \/>Breaded cheese with french fries and tartar sauce (3,7)<\/p>\n<p><strong>Thursday<\/strong><br \/>Green pea soup<br \/>Gyros plate with flatbread (7)<\/p>\n<p><strong>Friday<\/strong><br \/>Cream of broccoli soup with green pea panna cotta<br \/>Curry chicken breast with egg barley<\/p>\n<p>Minden f\u0151\u00e9tel k\u00e9rhet\u0151 h\u00fasmentes v\u00e1ltozatban is, f\u00fcst\u00f6lt tofuval vagy csicseri krokettel.<\/p>\n<p>Desszertaj\u00e1nlat*<\/p>\n<p><a href=\"https:\/\/tibidabo.hu\/paleo-almas-fahejas-pite-155g\" target=\"_blank\" rel=\"noopener\">Paleo Apple-Cinnamon Pie<\/a><\/p>\n<p><a href=\"https:\/\/tibidabo.hu\/paleo-meggyes-pite-155g\" target=\"_blank\" rel=\"noopener\">Paleo Cherry Pie <\/a><\/p>\n<p><a href=\"https:\/\/tibidabo.hu\/paleo-szilvas-fahejas-pite-155g\" target=\"_blank\" rel=\"noopener\">Paleo Plum-Cinnamon Pie\u00a0<\/a><\/p>\n<p>Praline cake (3, 7, 8)<\/p>\n<p>Cheesecake (3, 7, 8)<\/p>\n<p>Nyers veg\u00e1n bazsalikomos lime torta (8)<\/p>\n<p>R\u00e9patorta (3, 7, 8)<\/p>\n<p>Feketeerd\u0151 szelet (3, 6, 8)<\/p>\n<p>\u00a0<\/p>\n<p style=\"font-weight: 400;\">*For our daily changing dessert specials, please inquire with our serving staff.<\/p>\n<p style=\"font-weight: 400;\">Our daily special is available every weekday from 11:30 AM to 3:00 PM, in limited quantities. We reserve the right to make changes to the menu. Thank you for your understanding!<\/p>\n<p style=\"font-weight: 400;\">\u00c1raink forintban \u00e9rtend\u0151ek \u00e9s az \u00e1f\u00e1t tartalmazz\u00e1k. Felh\u00edvjuk kedves vend\u00e9geink figyelm\u00e9t, hogy helyben fogyaszt\u00e1s eset\u00e9n a sz\u00e1mla v\u00e9g\u00f6sszege 12%-os szervizd\u00edjat tartalmaz.<\/p>\n<p style=\"font-weight: 400;\">Phone orders for pick-up are available, with a packaging fee of 600 HUF per menu. Phone: <a href=\"tel:061618%200106\">06 1 618 0106<\/a><\/p>\n<h2>Aktu\u00e1lis napi aj\u00e1nlat <br \/>\n05.11-15.<\/h2>\n<p><strong>Monday<\/strong><br \/>Minestrone soup (7,9)<br \/>Green pea stew with fried debrecen sausage<\/p>\n<p><strong>Tuesday<\/strong><br \/>Cream of cauliflower soup with chickpeas<br \/>Caprese chicken breast fillet with jasmine rice (7)<\/p>\n<p><strong>Wednesday<\/strong><br \/>Chilled mixed fruit soup<br \/>Breaded cheese with french fries and tartar sauce (3,7)<\/p>\n<p><strong>Thursday<\/strong><br \/>Green pea soup<br \/>Gyros plate with flatbread (7)<\/p>\n<p><strong>Friday<\/strong><br \/>Cream of broccoli soup with green pea panna cotta<br \/>Curry chicken breast with egg barley<\/p>\n<p>Minden f\u0151\u00e9tel k\u00e9rhet\u0151 h\u00fasmentes v\u00e1ltozatban is, f\u00fcst\u00f6lt tofuval vagy csicseri krokettel.<\/p>\n<p><strong>DESSERT SPECIAL*<\/strong><\/p>\n<p>Paleo Apple-Cinnamon Pie<\/p>\n<p>Paleo Cherry Pie<\/p>\n<p>Paleo Plum-Cinnamon Pie\u00a0<\/p>\n<p>Praline cake (3, 7, 8)<\/p>\n<p>Cheesecake (3, 7, 8)<\/p>\n<p>Nyers veg\u00e1n bazsalikomos lime torta<\/p>\n<p>R\u00e9patorta (3, 7, 8)<\/p>\n<p>Feketeerd\u0151 szelet (3)<\/p>\n<p style=\"font-weight: 400;\">*For our daily changing dessert specials, please inquire with our serving staff.<\/p>\n<p style=\"font-weight: 400;\">Our daily special is available every weekday from 11:30 AM to 3:00 PM, in limited quantities. We reserve the right to make changes to the menu. Thank you for your understanding!<\/p>\n<p style=\"font-weight: 400;\">\u00c1raink forintban \u00e9rtend\u0151ek \u00e9s az \u00e1f\u00e1t tartalmazz\u00e1k. Felh\u00edvjuk kedves vend\u00e9geink figyelm\u00e9t, hogy helyben fogyaszt\u00e1s eset\u00e9n a sz\u00e1mla v\u00e9g\u00f6sszege 12%-os szervizd\u00edjat tartalmaz.<\/p>\n<p style=\"font-weight: 400;\">Telefonos rendel\u00e9s lead\u00e1sa helyben \u00e1tv\u00e9tellel lehets\u00e9ges, a csomagol\u00e1s d\u00edja 600 Ft\/men\u00fc.<\/p>\n<p style=\"font-weight: 400;\">Phone: <a href=\"tel:061618%200106\">06 1 618 0106<\/a><\/p>\n<h2>Allergen Information<\/h2>\n<p>\t\t\t\t\t\t\t\t\t\t\t\t\t\t\t<img decoding=\"async\" width=\"100\" height=\"100\" src=\"https:\/\/mom.tibidabo.hu\/wp-content\/uploads\/2024\/11\/01.png\" alt=\"\" \/>\t\t\t\t\t\t\t\t\t\t\t\t\t\t\t<\/p>\n<h2>Gluten<\/h2>\n<p>\t\t\t\t\t\t\t\t\t\t\t\t\t\t\t<img decoding=\"async\" width=\"100\" height=\"100\" src=\"https:\/\/mom.tibidabo.hu\/wp-content\/uploads\/2024\/11\/08.png\" alt=\"\" \/>\t\t\t\t\t\t\t\t\t\t\t\t\t\t\t<\/p>\n<h2>Nuts<\/h2>\n<p>\t\t\t\t\t\t\t\t\t\t\t\t\t\t\t<img decoding=\"async\" width=\"100\" height=\"100\" src=\"https:\/\/mom.tibidabo.hu\/wp-content\/uploads\/2024\/11\/02.png\" alt=\"\" \/>\t\t\t\t\t\t\t\t\t\t\t\t\t\t\t<\/p>\n<h2>Crustaceans \/ shells<\/h2>\n<p>\t\t\t\t\t\t\t\t\t\t\t\t\t\t\t<img loading=\"lazy\" decoding=\"async\" width=\"100\" height=\"100\" src=\"https:\/\/mom.tibidabo.hu\/wp-content\/uploads\/2024\/11\/09.png\" alt=\"\" \/>\t\t\t\t\t\t\t\t\t\t\t\t\t\t\t<\/p>\n<h2>Celery<\/h2>\n<p>\t\t\t\t\t\t\t\t\t\t\t\t\t\t\t<img loading=\"lazy\" decoding=\"async\" width=\"100\" height=\"100\" src=\"https:\/\/mom.tibidabo.hu\/wp-content\/uploads\/2024\/11\/03.png\" alt=\"\" \/>\t\t\t\t\t\t\t\t\t\t\t\t\t\t\t<\/p>\n<h2>Egg<\/h2>\n<p>\t\t\t\t\t\t\t\t\t\t\t\t\t\t\t<img loading=\"lazy\" decoding=\"async\" width=\"100\" height=\"100\" src=\"https:\/\/mom.tibidabo.hu\/wp-content\/uploads\/2024\/11\/10.png\" alt=\"\" \/>\t\t\t\t\t\t\t\t\t\t\t\t\t\t\t<\/p>\n<h2>Mustard<\/h2>\n<p>\t\t\t\t\t\t\t\t\t\t\t\t\t\t\t<img loading=\"lazy\" decoding=\"async\" width=\"100\" height=\"100\" src=\"https:\/\/mom.tibidabo.hu\/wp-content\/uploads\/2024\/11\/04.png\" alt=\"\" \/>\t\t\t\t\t\t\t\t\t\t\t\t\t\t\t<\/p>\n<h2>Fish<\/h2>\n<p>\t\t\t\t\t\t\t\t\t\t\t\t\t\t\t<img loading=\"lazy\" decoding=\"async\" width=\"100\" height=\"100\" src=\"https:\/\/mom.tibidabo.hu\/wp-content\/uploads\/2024\/11\/11.png\" alt=\"\" \/>\t\t\t\t\t\t\t\t\t\t\t\t\t\t\t<\/p>\n<h2>Sesame seeds<\/h2>\n<p>\t\t\t\t\t\t\t\t\t\t\t\t\t\t\t<img loading=\"lazy\" decoding=\"async\" width=\"100\" height=\"100\" src=\"https:\/\/mom.tibidabo.hu\/wp-content\/uploads\/2024\/11\/05.png\" alt=\"\" \/>\t\t\t\t\t\t\t\t\t\t\t\t\t\t\t<\/p>\n<h2>Peanuts<\/h2>\n<p>\t\t\t\t\t\t\t\t\t\t\t\t\t\t\t<img loading=\"lazy\" decoding=\"async\" width=\"100\" height=\"100\" src=\"https:\/\/mom.tibidabo.hu\/wp-content\/uploads\/2024\/11\/12.png\" alt=\"\" \/>\t\t\t\t\t\t\t\t\t\t\t\t\t\t\t<\/p>\n<h2>SO2<\/h2>\n<p>\t\t\t\t\t\t\t\t\t\t\t\t\t\t\t<img loading=\"lazy\" decoding=\"async\" width=\"100\" height=\"100\" src=\"https:\/\/mom.tibidabo.hu\/wp-content\/uploads\/2024\/11\/06.png\" alt=\"\" \/>\t\t\t\t\t\t\t\t\t\t\t\t\t\t\t<\/p>\n<h2>Soybean<\/h2>\n<p>\t\t\t\t\t\t\t\t\t\t\t\t\t\t\t<img loading=\"lazy\" decoding=\"async\" width=\"100\" height=\"100\" src=\"https:\/\/mom.tibidabo.hu\/wp-content\/uploads\/2024\/11\/13.png\" alt=\"\" \/>\t\t\t\t\t\t\t\t\t\t\t\t\t\t\t<\/p>\n<h2>Lupin flour<\/h2>\n<p>\t\t\t\t\t\t\t\t\t\t\t\t\t\t\t<img loading=\"lazy\" decoding=\"async\" width=\"100\" height=\"100\" src=\"https:\/\/mom.tibidabo.hu\/wp-content\/uploads\/2024\/11\/07.png\" alt=\"\" \/>\t\t\t\t\t\t\t\t\t\t\t\t\t\t\t<\/p>\n<h2>Milk \/ dairy products<\/h2>\n<p>\t\t\t\t\t\t\t\t\t\t\t\t\t\t\t<img loading=\"lazy\" decoding=\"async\" width=\"100\" height=\"100\" src=\"https:\/\/mom.tibidabo.hu\/wp-content\/uploads\/2024\/11\/14.png\" alt=\"\" \/>\t\t\t\t\t\t\t\t\t\t\t\t\t\t\t<\/p>\n<h2>Molluscs<\/h2>\n<h2>Allergen Information<\/h2>\n<p>\t\t\t\t\t\t\t\t\t\t\t\t\t\t\t<img decoding=\"async\" width=\"100\" height=\"100\" src=\"https:\/\/mom.tibidabo.hu\/wp-content\/uploads\/2024\/11\/01.png\" alt=\"\" \/>\t\t\t\t\t\t\t\t\t\t\t\t\t\t\t<\/p>\n<h2>Gluten<\/h2>\n<p>\t\t\t\t\t\t\t\t\t\t\t\t\t\t\t<img decoding=\"async\" width=\"100\" height=\"100\" src=\"https:\/\/mom.tibidabo.hu\/wp-content\/uploads\/2024\/11\/02.png\" alt=\"\" \/>\t\t\t\t\t\t\t\t\t\t\t\t\t\t\t<\/p>\n<h2>Crustaceans \/ shells<\/h2>\n<p>\t\t\t\t\t\t\t\t\t\t\t\t\t\t\t<img loading=\"lazy\" decoding=\"async\" width=\"100\" height=\"100\" src=\"https:\/\/mom.tibidabo.hu\/wp-content\/uploads\/2024\/11\/03.png\" alt=\"\" \/>\t\t\t\t\t\t\t\t\t\t\t\t\t\t\t<\/p>\n<h2>Egg<\/h2>\n<p>\t\t\t\t\t\t\t\t\t\t\t\t\t\t\t<img loading=\"lazy\" decoding=\"async\" width=\"100\" height=\"100\" src=\"https:\/\/mom.tibidabo.hu\/wp-content\/uploads\/2024\/11\/04.png\" alt=\"\" \/>\t\t\t\t\t\t\t\t\t\t\t\t\t\t\t<\/p>\n<h2>Fish<\/h2>\n<p>\t\t\t\t\t\t\t\t\t\t\t\t\t\t\t<img loading=\"lazy\" decoding=\"async\" width=\"100\" height=\"100\" src=\"https:\/\/mom.tibidabo.hu\/wp-content\/uploads\/2024\/11\/05.png\" alt=\"\" \/>\t\t\t\t\t\t\t\t\t\t\t\t\t\t\t<\/p>\n<h2>Peanuts<\/h2>\n<p>\t\t\t\t\t\t\t\t\t\t\t\t\t\t\t<img loading=\"lazy\" decoding=\"async\" width=\"100\" height=\"100\" src=\"https:\/\/mom.tibidabo.hu\/wp-content\/uploads\/2024\/11\/06.png\" alt=\"\" \/>\t\t\t\t\t\t\t\t\t\t\t\t\t\t\t<\/p>\n<h2>Soybean<\/h2>\n<p>\t\t\t\t\t\t\t\t\t\t\t\t\t\t\t<img loading=\"lazy\" decoding=\"async\" width=\"100\" height=\"100\" src=\"https:\/\/mom.tibidabo.hu\/wp-content\/uploads\/2024\/11\/07.png\" alt=\"\" \/>\t\t\t\t\t\t\t\t\t\t\t\t\t\t\t<\/p>\n<h2>Milk \/ dairy products<\/h2>\n<p>\t\t\t\t\t\t\t\t\t\t\t\t\t\t\t<img decoding=\"async\" width=\"100\" height=\"100\" src=\"https:\/\/mom.tibidabo.hu\/wp-content\/uploads\/2024\/11\/08.png\" alt=\"\" \/>\t\t\t\t\t\t\t\t\t\t\t\t\t\t\t<\/p>\n<h2>Nuts<\/h2>\n<p>\t\t\t\t\t\t\t\t\t\t\t\t\t\t\t<img loading=\"lazy\" decoding=\"async\" width=\"100\" height=\"100\" src=\"https:\/\/mom.tibidabo.hu\/wp-content\/uploads\/2024\/11\/09.png\" alt=\"\" \/>\t\t\t\t\t\t\t\t\t\t\t\t\t\t\t<\/p>\n<h2>Celery<\/h2>\n<p>\t\t\t\t\t\t\t\t\t\t\t\t\t\t\t<img loading=\"lazy\" decoding=\"async\" width=\"100\" height=\"100\" src=\"https:\/\/mom.tibidabo.hu\/wp-content\/uploads\/2024\/11\/10.png\" alt=\"\" \/>\t\t\t\t\t\t\t\t\t\t\t\t\t\t\t<\/p>\n<h2>Mustard<\/h2>\n<p>\t\t\t\t\t\t\t\t\t\t\t\t\t\t\t<img loading=\"lazy\" decoding=\"async\" width=\"100\" height=\"100\" src=\"https:\/\/mom.tibidabo.hu\/wp-content\/uploads\/2024\/11\/11.png\" alt=\"\" \/>\t\t\t\t\t\t\t\t\t\t\t\t\t\t\t<\/p>\n<h2>Sesame seeds<\/h2>\n<p>\t\t\t\t\t\t\t\t\t\t\t\t\t\t\t<img loading=\"lazy\" decoding=\"async\" width=\"100\" height=\"100\" src=\"https:\/\/mom.tibidabo.hu\/wp-content\/uploads\/2024\/11\/12.png\" alt=\"\" \/>\t\t\t\t\t\t\t\t\t\t\t\t\t\t\t<\/p>\n<h2>SO2<\/h2>\n<p>\t\t\t\t\t\t\t\t\t\t\t\t\t\t\t<img loading=\"lazy\" decoding=\"async\" width=\"100\" height=\"100\" src=\"https:\/\/mom.tibidabo.hu\/wp-content\/uploads\/2024\/11\/13.png\" alt=\"\" \/>\t\t\t\t\t\t\t\t\t\t\t\t\t\t\t<\/p>\n<h2>Lupin flour<\/h2>\n<p>\t\t\t\t\t\t\t\t\t\t\t\t\t\t\t<img loading=\"lazy\" decoding=\"async\" width=\"100\" height=\"100\" src=\"https:\/\/mom.tibidabo.hu\/wp-content\/uploads\/2024\/11\/14.png\" alt=\"\" \/>\t\t\t\t\t\t\t\t\t\t\t\t\t\t\t<\/p>\n<h2>Molluscs<\/h2>","protected":false},"excerpt":{"rendered":"<p>Izgalmas eb\u00e9d aj\u00e1nlatokkal v\u00e1runk a Tibidabo \u00c9tteremben! 2026.01.05-t\u0151l ism\u00e9t izgalmas eb\u00e9d aj\u00e1nlatokkal v\u00e1r a Tibidabo \u00c9tterem! A Tibidabo minden h\u00e9tk\u00f6znap\u00a0frissen k\u00e9sz\u00fclt,\u00a0garant\u00e1ltan glut\u00e9nmentes eb\u00e9ddel v\u00e1r! Dobd fel a munkahetet gazdag leves, zamatos f\u0151\u00e9tel \u00e9s cs\u00e1b\u00edt\u00f3 desszert aj\u00e1nlatainkkal!\u00a0 2 fog\u00e1sos men\u00fc: 4.490 Ft 3 fog\u00e1sos men\u00fc: 5.290 Ft Aktu\u00e1lis napi aj\u00e1nlat: 05.11-15. H\u00e9tf\u0151Minestrone leves (7,9)Z\u00f6ldbors\u00f3f\u0151zel\u00e9k s\u00fclt debreceni [&hellip;]<\/p>","protected":false},"author":1,"featured_media":4783,"parent":0,"menu_order":0,"comment_status":"closed","ping_status":"closed","template":"","meta":{"footnotes":""},"class_list":["post-2981","page","type-page","status-publish","has-post-thumbnail","hentry"],"_links":{"self":[{"href":"https:\/\/mom.tibidabo.hu\/en\/wp-json\/wp\/v2\/pages\/2981","targetHints":{"allow":["GET"]}}],"collection":[{"href":"https:\/\/mom.tibidabo.hu\/en\/wp-json\/wp\/v2\/pages"}],"about":[{"href":"https:\/\/mom.tibidabo.hu\/en\/wp-json\/wp\/v2\/types\/page"}],"author":[{"embeddable":true,"href":"https:\/\/mom.tibidabo.hu\/en\/wp-json\/wp\/v2\/users\/1"}],"replies":[{"embeddable":true,"href":"https:\/\/mom.tibidabo.hu\/en\/wp-json\/wp\/v2\/comments?post=2981"}],"version-history":[{"count":611,"href":"https:\/\/mom.tibidabo.hu\/en\/wp-json\/wp\/v2\/pages\/2981\/revisions"}],"predecessor-version":[{"id":6255,"href":"https:\/\/mom.tibidabo.hu\/en\/wp-json\/wp\/v2\/pages\/2981\/revisions\/6255"}],"wp:featuredmedia":[{"embeddable":true,"href":"https:\/\/mom.tibidabo.hu\/en\/wp-json\/wp\/v2\/media\/4783"}],"wp:attachment":[{"href":"https:\/\/mom.tibidabo.hu\/en\/wp-json\/wp\/v2\/media?parent=2981"}],"curies":[{"name":"wp","href":"https:\/\/api.w.org\/{rel}","templated":true}]}}