{"id":5324,"date":"2026-02-01T18:45:50","date_gmt":"2026-02-01T17:45:50","guid":{"rendered":"https:\/\/mom.tibidabo.hu\/?page_id=5324"},"modified":"2026-04-21T19:32:28","modified_gmt":"2026-04-21T17:32:28","slug":"szechenyi-terv-plusz","status":"publish","type":"page","link":"https:\/\/mom.tibidabo.hu\/en\/szechenyi-terv-plusz\/","title":{"rendered":"Sz\u00e9chenyi Terv Plusz"},"content":{"rendered":"<div data-elementor-type=\"wp-page\" data-elementor-id=\"5324\" class=\"elementor elementor-5324\" data-elementor-post-type=\"page\">\n\t\t\t\t<div class=\"elementor-element elementor-element-157481c e-flex e-con-boxed e-con e-parent\" data-id=\"157481c\" data-element_type=\"container\">\n\t\t\t\t\t<div class=\"e-con-inner\">\n\t\t<div class=\"elementor-element elementor-element-4080486 e-con-full e-flex e-con e-child\" data-id=\"4080486\" data-element_type=\"container\">\n\t\t\t\t<div class=\"elementor-element elementor-element-e851abf elementor-widget elementor-widget-spacer\" data-id=\"e851abf\" data-element_type=\"widget\" data-widget_type=\"spacer.default\">\n\t\t\t\t<div class=\"elementor-widget-container\">\n\t\t\t\t\t\t\t<div class=\"elementor-spacer\">\n\t\t\t<div class=\"elementor-spacer-inner\"><\/div>\n\t\t<\/div>\n\t\t\t\t\t\t<\/div>\n\t\t\t\t<\/div>\n\t\t\t\t<\/div>\n\t\t\t\t<div class=\"elementor-element elementor-element-c691d9d elementor-invisible elementor-widget elementor-widget-text-editor\" data-id=\"c691d9d\" data-element_type=\"widget\" data-settings=\"{&quot;_animation&quot;:&quot;fadeInLeft&quot;}\" data-widget_type=\"text-editor.default\">\n\t\t\t\t<div class=\"elementor-widget-container\">\n\t\t\t\t\t\t\t\t\t<p class=\"p1\"><b>Kedvezm\u00e9nyezett neve: <\/b><b><\/b><\/p><p class=\"p1\"><b>Projekt c\u00edme: <\/b> Munkav\u00e1llal\u00f3k k\u00e9pz\u00e9se a GET HELP KFT.n\u00e9l (n\u00e9vv\u00e1ltoz\u00e1s <b>hat\u00e1lyos: 2024.12.02 Tibidabo Bistro Kft.<\/b> )<\/p><p class=\"p1\"><b>Szerz\u0151d\u00f6tt t\u00e1mogat\u00e1s \u00f6sszege: <\/b>14 170\u00a0000 Ft<\/p><p class=\"p1\"><b>T\u00e1mogat\u00e1s m\u00e9rt\u00e9ke: <\/b>100 %<\/p><p class=\"p1\"><b>Projekt befejez\u00e9si d\u00e1tuma: <\/b>2021.10.28<\/p><p class=\"p1\"><b>Projekt azonos\u00edt\u00f3 sz\u00e1ma: <\/b>VEKOP-8.5.3-17-2018-00076<\/p><p class=\"p1\"><b>Projekt le\u00edr\u00e1s:<\/b><\/p><p>\u00a0<\/p><p class=\"p1\">Fontosnak tartottuk, hogy munkav\u00e1llal\u00f3ink folyamatosan fejl\u0151djenek, \u00fajabb k\u00e9pess\u00e9gekre, kompetenci\u00e1kra tegyenek szert. \u00dagy gondoljuk, hogy a mai gyorsan v\u00e1ltoz\u00f3 gazdas\u00e1gi ig\u00e9nyekre \u00edgy lehet a legjobban reag\u00e1lni.<\/p><p class=\"p1\">Jelen p\u00e1ly\u00e1zat lehet\u0151v\u00e9 tette sz\u00e1munkra, hogy versenyk\u00e9pes, a gazdas\u00e1g ig\u00e9nyeinek megfelel\u0151 k\u00e9pzetts\u00e9ggel, munkav\u00e1llal\u00e1si k\u00e9pess\u00e9gekkel rendelkez\u0151 munkat\u00e1rsakat k\u00e9pezz\u00fcnk, akik egyben k\u00e9pesek gyorsan \u00e9s folyamatosan alkalmazkodni a gazdas\u00e1gi, t\u00e1rsadalmi \u00e9s technol\u00f3giai v\u00e1ltoz\u00e1sokhoz. A bels\u0151 hat\u00e9konys\u00e1gra koncentr\u00e1l\u00f3 fejleszt\u00e9si orient\u00e1ci\u00f3 lehet\u0151v\u00e9 teszi az er\u0151forr\u00e1sok megfelel\u0151 allok\u00e1l\u00e1s\u00e1t, \u00edgy a piacon elfoglalt poz\u00edci\u00f3nk a jelenleg legval\u00f3sz\u00edn\u0171bb szcen\u00e1ri\u00f3 szerint tov\u00e1bb fog er\u0151s\u00f6dni. Az \u00fczleti eredm\u00e9ny jav\u00edt\u00e1sa azonban kih\u00edv\u00e1st jelent, hiszen a l\u00e9tsz\u00e1m cs\u00f6kkent\u00e9se n\u00e9lk\u00fcl, a munkat\u00e1rsak szak\u00e9rtelm\u00e9nek fejleszt\u00e9se \u00fatj\u00e1n kell eredm\u00e9nyeket el\u00e9rn\u00fcnk.<\/p><p class=\"p1\">A k\u00e9pz\u00e9sek, \u00e9s ezek \u00e1ltal a dolgoz\u00f3k ismereteinek n\u00f6vel\u00e9se \u00e9s k\u00e9pess\u00e9geik fejleszt\u00e9se olyan feladat, amely \u00e1lland\u00f3 kih\u00edv\u00e1st jelent c\u00e9g\u00fcnk sz\u00e1m\u00e1ra. Strat\u00e9giai c\u00e9ljaink egyike a \u201elife-long learning\u201d, azaz az \u00e9lethosszig tart\u00f3 tanul\u00e1s t\u00e1mogat\u00e1sa, amely nemcsak Eur\u00f3pai Uni\u00f3s aj\u00e1nl\u00e1s, hanem \u00e9letbev\u00e1g\u00f3 sz\u00fcks\u00e9gszer\u0171s\u00e9g minden olyan v\u00e1llalat sz\u00e1m\u00e1ra, amely hosszabb t\u00e1von szeretne n\u00f6veked\u00e9st \u00e9s teljes\u00edtm\u00e9nyjavul\u00e1st felmutatni a saj\u00e1t piac\u00e1n. Fontos volt c\u00e9g\u00fcnk sz\u00e1m\u00e1ra a p\u00e1ly\u00e1zati lehet\u0151s\u00e9g, hogy a munkav\u00e1llal\u00f3k sz\u00e1m\u00e1ra lehet\u0151s\u00e9get teremtsen egy manaps\u00e1g l\u00e9tfontoss\u00e1g\u00fa k\u00e9pzetts\u00e9g megszerz\u00e9s\u00e9re. Inform\u00e1lis v\u00e9lem\u00e9ny-felm\u00e9r\u00e9s keret\u00e9ben a r\u00e9szvev\u0151k mindegyike jelezte ig\u00e9ny\u00e9t a projektben val\u00f3 r\u00e9szv\u00e9telre, ez\u00e9rt motiv\u00e1ci\u00f3s oldalon nem volt probl\u00e9ma a projekt sikeress\u00e9g\u00e9vel.<\/p><p class=\"p1\">A p\u00e1ly\u00e1zat sor\u00e1n a k\u00e9pz\u00e9sbe 10 f\u0151 munkav\u00e1llal\u00f3 ker\u00fclt bevon\u00e1sra.<\/p><p>\u00a0<\/p><p class=\"p1\">A k\u00f6vetkez\u0151 k\u00e9pz\u00e9sek val\u00f3sultak meg:<\/p><p class=\"p1\">Kommunik\u00e1ci\u00f3s alapismeretek<\/p><p class=\"p1\">Egy\u00fcttm\u0171k\u00f6d\u00e9s \u00e9s \u00f6n\u00e9rv\u00e9nyes\u00edt\u00e9s<\/p><p class=\"p1\">\u00c9rt\u00e9kes\u00edt\u00e9s halad\u00f3knak<\/p><p class=\"p1\">Sz\u00e1m\u00edt\u00e1stechnikai kompetenci\u00e1k fejleszt\u00e9s &#8211; T\u00e1bl\u00e1zatkezel\u00e9s<\/p><p class=\"p1\">A min\u0151s\u00e9gi szolg\u00e1ltat\u00e1s fort\u00e9lyai<\/p><p>\u00a0<\/p><p class=\"p1\">Minden k\u00e9pz\u00e9s sikeresen megval\u00f3sult, \u00e9s teljes\u00fclt a 10 f\u0151 bevon\u00e1sa, mindenki megkapta a tan\u00fas\u00edtv\u00e1nyokat az elv\u00e9gzett k\u00e9pz\u00e9sek ut\u00e1n.<\/p>\t\t\t\t\t\t\t\t<\/div>\n\t\t\t\t<\/div>\n\t\t\t\t\t<\/div>\n\t\t\t\t<\/div>\n\t\t<div class=\"elementor-element elementor-element-ae8720e e-flex e-con-boxed e-con e-parent\" data-id=\"ae8720e\" data-element_type=\"container\">\n\t\t\t\t\t<div class=\"e-con-inner\">\n\t\t\t\t<div class=\"elementor-element elementor-element-5888325 elementor-widget elementor-widget-image\" data-id=\"5888325\" data-element_type=\"widget\" data-widget_type=\"image.default\">\n\t\t\t\t<div class=\"elementor-widget-container\">\n\t\t\t\t\t\t\t\t\t\t\t\t\t\t\t<img fetchpriority=\"high\" decoding=\"async\" width=\"1453\" height=\"1004\" src=\"https:\/\/mom.tibidabo.hu\/wp-content\/uploads\/2026\/04\/infoblokk_kedv_final_felso_cmyk_ESZA.jpg\" class=\"attachment-full size-full wp-image-6130\" alt=\"\" srcset=\"https:\/\/mom.tibidabo.hu\/wp-content\/uploads\/2026\/04\/infoblokk_kedv_final_felso_cmyk_ESZA.jpg 1453w, https:\/\/mom.tibidabo.hu\/wp-content\/uploads\/2026\/04\/infoblokk_kedv_final_felso_cmyk_ESZA-300x207.jpg 300w, https:\/\/mom.tibidabo.hu\/wp-content\/uploads\/2026\/04\/infoblokk_kedv_final_felso_cmyk_ESZA-1024x708.jpg 1024w, https:\/\/mom.tibidabo.hu\/wp-content\/uploads\/2026\/04\/infoblokk_kedv_final_felso_cmyk_ESZA-768x531.jpg 768w, https:\/\/mom.tibidabo.hu\/wp-content\/uploads\/2026\/04\/infoblokk_kedv_final_felso_cmyk_ESZA-18x12.jpg 18w\" sizes=\"(max-width: 1453px) 100vw, 1453px\" \/>\t\t\t\t\t\t\t\t\t\t\t\t\t\t\t<\/div>\n\t\t\t\t<\/div>\n\t\t\t\t<div class=\"elementor-element elementor-element-198a9a7 elementor-widget elementor-widget-image\" data-id=\"198a9a7\" data-element_type=\"widget\" data-widget_type=\"image.default\">\n\t\t\t\t<div class=\"elementor-widget-container\">\n\t\t\t\t\t\t\t\t\t\t\t\t\t\t\t<img decoding=\"async\" width=\"800\" height=\"218\" src=\"https:\/\/mom.tibidabo.hu\/wp-content\/uploads\/2026\/02\/image002-1024x279.jpg\" class=\"attachment-large size-large wp-image-5327\" alt=\"\" srcset=\"https:\/\/mom.tibidabo.hu\/wp-content\/uploads\/2026\/02\/image002-1024x279.jpg 1024w, https:\/\/mom.tibidabo.hu\/wp-content\/uploads\/2026\/02\/image002-300x82.jpg 300w, https:\/\/mom.tibidabo.hu\/wp-content\/uploads\/2026\/02\/image002-768x209.jpg 768w, https:\/\/mom.tibidabo.hu\/wp-content\/uploads\/2026\/02\/image002-18x5.jpg 18w, https:\/\/mom.tibidabo.hu\/wp-content\/uploads\/2026\/02\/image002.jpg 1200w\" sizes=\"(max-width: 800px) 100vw, 800px\" \/>\t\t\t\t\t\t\t\t\t\t\t\t\t\t\t<\/div>\n\t\t\t\t<\/div>\n\t\t\t\t\t<\/div>\n\t\t\t\t<\/div>\n\t\t<div class=\"elementor-element elementor-element-8f38626 e-flex e-con-boxed e-con e-parent\" data-id=\"8f38626\" data-element_type=\"container\">\n\t\t\t\t\t<div class=\"e-con-inner\">\n\t\t\t\t<div class=\"elementor-element elementor-element-8f5eab6 elementor-widget-divider--view-line elementor-widget elementor-widget-divider\" data-id=\"8f5eab6\" data-element_type=\"widget\" data-widget_type=\"divider.default\">\n\t\t\t\t<div class=\"elementor-widget-container\">\n\t\t\t\t\t\t\t<div class=\"elementor-divider\">\n\t\t\t<span class=\"elementor-divider-separator\">\n\t\t\t\t\t\t<\/span>\n\t\t<\/div>\n\t\t\t\t\t\t<\/div>\n\t\t\t\t<\/div>\n\t\t\t\t\t<\/div>\n\t\t\t\t<\/div>\n\t\t<div class=\"elementor-element elementor-element-53beb3b e-flex e-con-boxed e-con e-parent\" data-id=\"53beb3b\" data-element_type=\"container\">\n\t\t\t\t\t<div class=\"e-con-inner\">\n\t\t\t\t<div class=\"elementor-element elementor-element-2a86c93 elementor-invisible elementor-widget elementor-widget-text-editor\" data-id=\"2a86c93\" data-element_type=\"widget\" data-settings=\"{&quot;_animation&quot;:&quot;fadeInLeft&quot;}\" data-widget_type=\"text-editor.default\">\n\t\t\t\t<div class=\"elementor-widget-container\">\n\t\t\t\t\t\t\t\t\t<p class=\"normal-header\"><strong>Program neve:<\/strong>\u00a0KKV Technol\u00f3gia Plusz Budapest Hitelprogram<br \/><strong>Azonos\u00edt\u00f3 k\u00f3dja:<\/strong>\u00a0GINOP Plusz-1.4.4-24<br \/><strong>V\u00e9gs\u0151 kedvezm\u00e9nyezett neve:\u00a0<\/strong>Tibidabo Bistro Korl\u00e1tolt Felel\u0151ss\u00e9g\u0171 T\u00e1rsas\u00e1g<br \/><strong>Fejleszt\u00e9s t\u00e1rgya, c\u00e9lja:<\/strong>\u00a0Technol\u00f3giai fejleszt\u00e9s<br \/>a szerz\u0151d\u00f6tt vissza nem t\u00e9r\u00edtend\u0151 t\u00e1mogat\u00e1s \u00f6sszege 0 ft<br \/>a szerz\u0151d\u00f6tt visszat\u00e9r\u00edtend\u0151 t\u00e1mogat\u00e1s \u00f6sszege 41.048.715 Ft<\/p><p>Projekt tartalm\u00e1nak r\u00e9szletes bemutat\u00e1sa:<br \/>A finansz\u00edroz\u00e1s c\u00e9lja a projekt kapcs\u00e1n, hogy \u00faj arculatot hozunk l\u00e9tre,\u00a0 \u00faj sz\u00ednt vigy\u00fcnk az eg\u00e9szs\u00e9gtudatos t\u00e1pl\u00e1lkoz\u00e1s vil\u00e1g\u00e1ba. K\u00fcldet\u00e9s\u00fcnk, hogy minden vend\u00e9g\u00fcnk megtal\u00e1lja n\u00e1lunk azt az \u00e9telt, amely nemcsak \u00edzletes \u00e9s friss, hanem teljesen mentes azokt\u00f3l az \u00f6sszetev\u0151kt\u0151l, amelyek allergi\u00e1t, \u00e9rz\u00e9kenys\u00e9get vagy intoleranci\u00e1t okozhatnak. \u00daj t\u00e1rgyi eszk\u00f6z\u00f6k, \u00faj IKT eszk\u00f6z, valamint a m\u0171k\u00f6d\u00e9s\u00fcnkh\u00f6z elengedhetetlen\u00fcl sz\u00fcks\u00e9ges az \u00e9tterem fenntart\u00e1s\u00e1hoz sz\u00fcks\u00e9ges immateri\u00e1lis javak \u00e9s k\u00e9szlet beszerz\u00e9s\u00e9t, az ig\u00e9nyelt hitel\u00f6sszegb\u0151l k\u00edv\u00e1njuk finansz\u00edrozni.<\/p><p>A m\u0171szaki\/fizikai befejez\u00e9s d\u00e1tuma: 2026.01.01.<\/p><p>A projekt az Eur\u00f3pai Uni\u00f3 t\u00e1mogat\u00e1s\u00e1val, a magyar \u00e1llam t\u00e1rsfinansz\u00edroz\u00e1s\u00e1val val\u00f3sult meg.<\/p>\t\t\t\t\t\t\t\t<\/div>\n\t\t\t\t<\/div>\n\t\t\t\t\t<\/div>\n\t\t\t\t<\/div>\n\t\t<div class=\"elementor-element elementor-element-474aa0c e-flex e-con-boxed e-con e-parent\" data-id=\"474aa0c\" data-element_type=\"container\">\n\t\t\t\t\t<div class=\"e-con-inner\">\n\t\t\t\t<div class=\"elementor-element elementor-element-52f97cc elementor-widget elementor-widget-image\" data-id=\"52f97cc\" data-element_type=\"widget\" data-widget_type=\"image.default\">\n\t\t\t\t<div class=\"elementor-widget-container\">\n\t\t\t\t\t\t\t\t\t\t\t\t\t\t\t<img decoding=\"async\" width=\"800\" height=\"218\" src=\"https:\/\/mom.tibidabo.hu\/wp-content\/uploads\/2026\/02\/image002-1024x279.jpg\" class=\"attachment-large size-large wp-image-5327\" alt=\"\" srcset=\"https:\/\/mom.tibidabo.hu\/wp-content\/uploads\/2026\/02\/image002-1024x279.jpg 1024w, https:\/\/mom.tibidabo.hu\/wp-content\/uploads\/2026\/02\/image002-300x82.jpg 300w, https:\/\/mom.tibidabo.hu\/wp-content\/uploads\/2026\/02\/image002-768x209.jpg 768w, https:\/\/mom.tibidabo.hu\/wp-content\/uploads\/2026\/02\/image002-18x5.jpg 18w, https:\/\/mom.tibidabo.hu\/wp-content\/uploads\/2026\/02\/image002.jpg 1200w\" sizes=\"(max-width: 800px) 100vw, 800px\" \/>\t\t\t\t\t\t\t\t\t\t\t\t\t\t\t<\/div>\n\t\t\t\t<\/div>\n\t\t\t\t\t<\/div>\n\t\t\t\t<\/div>\n\t\t\t\t<\/div>","protected":false},"excerpt":{"rendered":"<p>Kedvezm\u00e9nyezett neve: Projekt c\u00edme: Munkav\u00e1llal\u00f3k k\u00e9pz\u00e9se a GET HELP KFT.n\u00e9l (n\u00e9vv\u00e1ltoz\u00e1s hat\u00e1lyos: 2024.12.02 Tibidabo Bistro Kft. ) Szerz\u0151d\u00f6tt t\u00e1mogat\u00e1s \u00f6sszege: 14 170\u00a0000 Ft T\u00e1mogat\u00e1s m\u00e9rt\u00e9ke: 100 % Projekt befejez\u00e9si d\u00e1tuma: 2021.10.28 Projekt azonos\u00edt\u00f3 sz\u00e1ma: VEKOP-8.5.3-17-2018-00076 Projekt le\u00edr\u00e1s: \u00a0 Fontosnak tartottuk, hogy munkav\u00e1llal\u00f3ink folyamatosan fejl\u0151djenek, \u00fajabb k\u00e9pess\u00e9gekre, kompetenci\u00e1kra tegyenek szert. \u00dagy gondoljuk, hogy a mai gyorsan [&hellip;]<\/p>","protected":false},"author":1,"featured_media":4673,"parent":0,"menu_order":0,"comment_status":"closed","ping_status":"closed","template":"","meta":{"footnotes":""},"class_list":["post-5324","page","type-page","status-publish","has-post-thumbnail","hentry"],"_links":{"self":[{"href":"https:\/\/mom.tibidabo.hu\/en\/wp-json\/wp\/v2\/pages\/5324","targetHints":{"allow":["GET"]}}],"collection":[{"href":"https:\/\/mom.tibidabo.hu\/en\/wp-json\/wp\/v2\/pages"}],"about":[{"href":"https:\/\/mom.tibidabo.hu\/en\/wp-json\/wp\/v2\/types\/page"}],"author":[{"embeddable":true,"href":"https:\/\/mom.tibidabo.hu\/en\/wp-json\/wp\/v2\/users\/1"}],"replies":[{"embeddable":true,"href":"https:\/\/mom.tibidabo.hu\/en\/wp-json\/wp\/v2\/comments?post=5324"}],"version-history":[{"count":43,"href":"https:\/\/mom.tibidabo.hu\/en\/wp-json\/wp\/v2\/pages\/5324\/revisions"}],"predecessor-version":[{"id":6165,"href":"https:\/\/mom.tibidabo.hu\/en\/wp-json\/wp\/v2\/pages\/5324\/revisions\/6165"}],"wp:featuredmedia":[{"embeddable":true,"href":"https:\/\/mom.tibidabo.hu\/en\/wp-json\/wp\/v2\/media\/4673"}],"wp:attachment":[{"href":"https:\/\/mom.tibidabo.hu\/en\/wp-json\/wp\/v2\/media?parent=5324"}],"curies":[{"name":"wp","href":"https:\/\/api.w.org\/{rel}","templated":true}]}}