{"id":6263,"date":"2026-05-13T14:31:39","date_gmt":"2026-05-13T12:31:39","guid":{"rendered":"https:\/\/mom.tibidabo.hu\/?page_id=6263"},"modified":"2026-05-14T12:16:41","modified_gmt":"2026-05-14T10:16:41","slug":"after-work-11-koktelakcio-a-tibidabo-etteremben","status":"publish","type":"page","link":"https:\/\/mom.tibidabo.hu\/en\/after-work-11-koktelakcio-a-tibidabo-etteremben\/","title":{"rendered":"AFTER WORK &#8211; 1+1 kokt\u00e9lakci\u00f3 a Tibidabo \u00c9tteremben"},"content":{"rendered":"<div data-elementor-type=\"wp-page\" data-elementor-id=\"6263\" class=\"elementor elementor-6263\" data-elementor-post-type=\"page\">\n\t\t\t\t<div class=\"elementor-element elementor-element-ea51c80 e-flex e-con-boxed e-con e-parent\" data-id=\"ea51c80\" data-element_type=\"container\" data-settings=\"{&quot;background_background&quot;:&quot;classic&quot;}\">\n\t\t\t\t\t<div class=\"e-con-inner\">\n\t\t\t\t<div class=\"elementor-element elementor-element-dd9b15c elementor-invisible elementor-widget elementor-widget-text-editor\" data-id=\"dd9b15c\" data-element_type=\"widget\" data-settings=\"{&quot;_animation&quot;:&quot;fadeInDown&quot;}\" data-widget_type=\"text-editor.default\">\n\t\t\t\t<div class=\"elementor-widget-container\">\n\t\t\t\t\t\t\t\t\t<p>AFTER WORK \u2013 1+1 kokt\u00e9lakci\u00f3 a Tibidabo \u00c9tteremben<\/p>\t\t\t\t\t\t\t\t<\/div>\n\t\t\t\t<\/div>\n\t\t\t\t<div class=\"elementor-element elementor-element-d2d015b elementor-align-center elementor-widget elementor-widget-button\" data-id=\"d2d015b\" data-element_type=\"widget\" data-widget_type=\"button.default\">\n\t\t\t\t<div class=\"elementor-widget-container\">\n\t\t\t\t\t\t\t\t\t<div class=\"elementor-button-wrapper\">\n\t\t\t\t\t<a class=\"elementor-button elementor-button-link elementor-size-lg elementor-animation-grow\" href=\"https:\/\/tinyurl.com\/5tfrtysv\" target=\"_blank\" rel=\"noopener\">\n\t\t\t\t\t\t<span class=\"elementor-button-content-wrapper\">\n\t\t\t\t\t\t\t\t\t<span class=\"elementor-button-text\">Table Reservation<\/span>\n\t\t\t\t\t<\/span>\n\t\t\t\t\t<\/a>\n\t\t\t\t<\/div>\n\t\t\t\t\t\t\t\t<\/div>\n\t\t\t\t<\/div>\n\t\t\t\t<div class=\"elementor-element elementor-element-8c1493c elementor-invisible elementor-widget elementor-widget-text-editor\" data-id=\"8c1493c\" data-element_type=\"widget\" data-settings=\"{&quot;_animation&quot;:&quot;fadeInLeft&quot;}\" data-widget_type=\"text-editor.default\">\n\t\t\t\t<div class=\"elementor-widget-container\">\n\t\t\t\t\t\t\t\t\t<p>G\u00f6rgess lejjebb a r\u00e9szletek\u00e9rt!<\/p>\t\t\t\t\t\t\t\t<\/div>\n\t\t\t\t<\/div>\n\t\t\t\t<div class=\"elementor-element elementor-element-82cde89 elementor-view-default elementor-widget elementor-widget-icon\" data-id=\"82cde89\" data-element_type=\"widget\" data-widget_type=\"icon.default\">\n\t\t\t\t<div class=\"elementor-widget-container\">\n\t\t\t\t\t\t\t<div class=\"elementor-icon-wrapper\">\n\t\t\t<a class=\"elementor-icon\" href=\"https:\/\/mom.tibidabo.hu\/en\/valentin-napi-vacsora-ajanlat\/#valentinnap\">\n\t\t\t<svg aria-hidden=\"true\" class=\"e-font-icon-svg e-fas-chevron-circle-down\" viewbox=\"0 0 512 512\" xmlns=\"http:\/\/www.w3.org\/2000\/svg\"><path d=\"M504 256c0 137-111 248-248 248S8 393 8 256 119 8 256 8s248 111 248 248zM273 369.9l135.5-135.5c9.4-9.4 9.4-24.6 0-33.9l-17-17c-9.4-9.4-24.6-9.4-33.9 0L256 285.1 154.4 183.5c-9.4-9.4-24.6-9.4-33.9 0l-17 17c-9.4 9.4-9.4 24.6 0 33.9L239 369.9c9.4 9.4 24.6 9.4 34 0z\"><\/path><\/svg>\t\t\t<\/a>\n\t\t<\/div>\n\t\t\t\t\t\t<\/div>\n\t\t\t\t<\/div>\n\t\t\t\t\t<\/div>\n\t\t\t\t<\/div>\n\t\t<div class=\"elementor-element elementor-element-9a2a14d e-flex e-con-boxed e-con e-parent\" data-id=\"9a2a14d\" data-element_type=\"container\">\n\t\t\t\t\t<div class=\"e-con-inner\">\n\t\t<div class=\"elementor-element elementor-element-53dec05 e-con-full e-flex e-con e-child\" data-id=\"53dec05\" data-element_type=\"container\">\n\t\t\t\t<div class=\"elementor-element elementor-element-f93bc97 elementor-invisible elementor-widget elementor-widget-heading\" data-id=\"f93bc97\" data-element_type=\"widget\" data-settings=\"{&quot;_animation&quot;:&quot;fadeInDown&quot;}\" data-widget_type=\"heading.default\">\n\t\t\t\t<div class=\"elementor-widget-container\">\n\t\t\t\t\t<h2 class=\"elementor-heading-title elementor-size-default\">P\u00e9ntek? Akkor kokt\u00e9l. <\/h2>\t\t\t\t<\/div>\n\t\t\t\t<\/div>\n\t\t\t\t<div class=\"elementor-element elementor-element-f046a76 elementor-invisible elementor-widget elementor-widget-text-editor\" data-id=\"f046a76\" data-element_type=\"widget\" data-settings=\"{&quot;_animation&quot;:&quot;fadeInLeft&quot;}\" data-widget_type=\"text-editor.default\">\n\t\t\t\t<div class=\"elementor-widget-container\">\n\t\t\t\t\t\t\t\t\t<h5 style=\"font-weight: 400;\">M\u00e1jus 15-t\u0151l minden p\u00e9nteken beindul a Tibidabo after work, ahol a stresszt kokt\u00e9lra cser\u00e9lj\u00fck.<\/h5><h5 style=\"font-weight: 400;\"><strong>M\u00e1jus 15-\u00e9n, 22-\u00e9n, \u00e9s 29-\u00e9n<\/strong> (p\u00e9ntekenk\u00e9nt) <strong>15:00\u201319:00<\/strong> k\u00f6z\u00f6tt <strong>1-et fizetsz, 2-t kapsz<\/strong> minden kokt\u00e9lra \u00e9s mokt\u00e9lra!<\/h5><h5>\u00a0<\/h5><h5>Hozhatod a koll\u00e9g\u00e1kat, a bar\u00e1tokat, vagy j\u00f6hettek ak\u00e1r csak kettesben, a t\u00f6bbit mi biztos\u00edtjuk a t\u00f6k\u00e9letes hangulathoz:<\/h5><h5><strong>klasszikus<\/strong> \u00e9s friss\u00edt\u0151 kokt\u00e9lok; <strong>alkoholos<\/strong> and <strong>mentes<\/strong> verzi\u00f3kban is; a kokt\u00e9lok mell\u00e9 friss <strong>focaccia<\/strong> v\u00e1r, <strong>guacamole<\/strong> and <strong>ajvar<\/strong> <strong>m\u00e1rtogat\u00f3ssal<\/strong>, amik pont j\u00f3l j\u00f6nnek k\u00e9t k\u00f6r k\u00f6z\u00f6tt.<\/h5><h5>\u00a0<\/h5><h5>Aperol, Blue Hugo, klasszikus Gin&amp;Tonic a k\u00e9zben, besz\u00e9lget\u00e9s, nevet\u00e9s, minden, ami egy hossz\u00fa h\u00e9t ut\u00e1n j\u00f3l esik, \u00e9s hagyd, hogy elkapjon az \u00e9rz\u00e9s, hogy v\u00e9gre nem kell sietni sehova.<\/h5>\t\t\t\t\t\t\t\t<\/div>\n\t\t\t\t<\/div>\n\t\t\t\t<div class=\"elementor-element elementor-element-f35cb40 elementor-align-center elementor-widget elementor-widget-button\" data-id=\"f35cb40\" data-element_type=\"widget\" data-widget_type=\"button.default\">\n\t\t\t\t<div class=\"elementor-widget-container\">\n\t\t\t\t\t\t\t\t\t<div class=\"elementor-button-wrapper\">\n\t\t\t\t\t<a class=\"elementor-button elementor-button-link elementor-size-lg elementor-animation-grow\" href=\"https:\/\/mom.tibidabo.hu\/en\/itallap\/\">\n\t\t\t\t\t\t<span class=\"elementor-button-content-wrapper\">\n\t\t\t\t\t\t\t\t\t<span class=\"elementor-button-text\">Drinks<\/span>\n\t\t\t\t\t<\/span>\n\t\t\t\t\t<\/a>\n\t\t\t\t<\/div>\n\t\t\t\t\t\t\t\t<\/div>\n\t\t\t\t<\/div>\n\t\t\t\t<div class=\"elementor-element elementor-element-b679bb8 elementor-widget elementor-widget-gallery\" data-id=\"b679bb8\" data-element_type=\"widget\" data-settings=\"{&quot;columns&quot;:2,&quot;lazyload&quot;:&quot;yes&quot;,&quot;gallery_layout&quot;:&quot;grid&quot;,&quot;columns_tablet&quot;:2,&quot;columns_mobile&quot;:1,&quot;gap&quot;:{&quot;unit&quot;:&quot;px&quot;,&quot;size&quot;:10,&quot;sizes&quot;:[]},&quot;gap_tablet&quot;:{&quot;unit&quot;:&quot;px&quot;,&quot;size&quot;:10,&quot;sizes&quot;:[]},&quot;gap_mobile&quot;:{&quot;unit&quot;:&quot;px&quot;,&quot;size&quot;:10,&quot;sizes&quot;:[]},&quot;link_to&quot;:&quot;file&quot;,&quot;aspect_ratio&quot;:&quot;3:2&quot;,&quot;overlay_background&quot;:&quot;yes&quot;,&quot;content_hover_animation&quot;:&quot;fade-in&quot;}\" data-widget_type=\"gallery.default\">\n\t\t\t\t<div class=\"elementor-widget-container\">\n\t\t\t\t\t\t\t<div class=\"elementor-gallery__container\">\n\t\t\t\t\t\t\t<a class=\"e-gallery-item elementor-gallery-item elementor-animated-content\" href=\"https:\/\/mom.tibidabo.hu\/wp-content\/uploads\/2026\/05\/ITPH2211-scaled.jpg\" data-elementor-open-lightbox=\"yes\" data-elementor-lightbox-slideshow=\"b679bb8\" data-e-action-hash=\"#elementor-action%3Aaction%3Dlightbox%26settings%3DeyJpZCI6NjI3MSwidXJsIjoiaHR0cHM6XC9cL21vbS50aWJpZGFiby5odVwvd3AtY29udGVudFwvdXBsb2Fkc1wvMjAyNlwvMDVcL0lUUEgyMjExLXNjYWxlZC5qcGciLCJzbGlkZXNob3ciOiJiNjc5YmI4In0%3D\">\n\t\t\t\t\t<div class=\"e-gallery-image elementor-gallery-item__image\" data-thumbnail=\"https:\/\/mom.tibidabo.hu\/wp-content\/uploads\/2026\/05\/ITPH2211-scaled.jpg\" data-width=\"1707\" data-height=\"2560\" aria-label=\"\" role=\"img\" ><\/div>\n\t\t\t\t\t\t\t\t\t\t\t<div class=\"elementor-gallery-item__overlay\"><\/div>\n\t\t\t\t\t\t\t\t\t\t\t\t\t\t<\/a>\n\t\t\t\t\t\t\t<a class=\"e-gallery-item elementor-gallery-item elementor-animated-content\" href=\"https:\/\/mom.tibidabo.hu\/wp-content\/uploads\/2026\/05\/ITPH2163-scaled.jpg\" data-elementor-open-lightbox=\"yes\" data-elementor-lightbox-slideshow=\"b679bb8\" data-e-action-hash=\"#elementor-action%3Aaction%3Dlightbox%26settings%3DeyJpZCI6NjI3MCwidXJsIjoiaHR0cHM6XC9cL21vbS50aWJpZGFiby5odVwvd3AtY29udGVudFwvdXBsb2Fkc1wvMjAyNlwvMDVcL0lUUEgyMTYzLXNjYWxlZC5qcGciLCJzbGlkZXNob3ciOiJiNjc5YmI4In0%3D\">\n\t\t\t\t\t<div class=\"e-gallery-image elementor-gallery-item__image\" data-thumbnail=\"https:\/\/mom.tibidabo.hu\/wp-content\/uploads\/2026\/05\/ITPH2163-scaled.jpg\" data-width=\"1694\" data-height=\"2560\" aria-label=\"\" role=\"img\" ><\/div>\n\t\t\t\t\t\t\t\t\t\t\t<div class=\"elementor-gallery-item__overlay\"><\/div>\n\t\t\t\t\t\t\t\t\t\t\t\t\t\t<\/a>\n\t\t\t\t\t<\/div>\n\t\t\t\t\t<\/div>\n\t\t\t\t<\/div>\n\t\t\t\t<\/div>\n\t\t\t\t\t<\/div>\n\t\t\t\t<\/div>\n\t\t<div class=\"elementor-element elementor-element-e558cfb e-flex e-con-boxed e-con e-parent\" data-id=\"e558cfb\" data-element_type=\"container\">\n\t\t\t\t\t<div class=\"e-con-inner\">\n\t\t<div class=\"elementor-element elementor-element-2feb400 e-con-full e-flex e-con e-child\" data-id=\"2feb400\" data-element_type=\"container\">\n\t\t\t\t<div class=\"elementor-element elementor-element-e23887d elementor-invisible elementor-widget elementor-widget-heading\" data-id=\"e23887d\" data-element_type=\"widget\" data-settings=\"{&quot;_animation&quot;:&quot;fadeInDown&quot;}\" data-widget_type=\"heading.default\">\n\t\t\t\t<div class=\"elementor-widget-container\">\n\t\t\t\t\t<h2 class=\"elementor-heading-title elementor-size-default\">\u00c9s ez m\u00e9g nem minden!<\/h2>\t\t\t\t<\/div>\n\t\t\t\t<\/div>\n\t\t\t\t<div class=\"elementor-element elementor-element-0cb823b elementor-invisible elementor-widget elementor-widget-text-editor\" data-id=\"0cb823b\" data-element_type=\"widget\" data-settings=\"{&quot;_animation&quot;:&quot;fadeInLeft&quot;}\" data-widget_type=\"text-editor.default\">\n\t\t\t\t<div class=\"elementor-widget-container\">\n\t\t\t\t\t\t\t\t\t<h5 style=\"font-weight: 400;\">Minden h\u00f3napban \u00e9rkez\u00fcnk egy \u00faj,<strong> limit\u00e1lt<\/strong> kokt\u00e9llal is, amit csak r\u00f6vid ideig tudtok megk\u00f3stolni n\u00e1lunk. Egyedi \u00edzek, k\u00fcl\u00f6nleges kombin\u00e1ci\u00f3k \u00e9s olyan italok, amik nem maradnak \u00f6r\u00f6kre az itallapon, ha elkapod, szerencs\u00e9s vagy, ha lemaradsz r\u00f3la, t\u00f6bb\u00e9 nem t\u00e9r vissza.\u00a0<\/h5>\t\t\t\t\t\t\t\t<\/div>\n\t\t\t\t<\/div>\n\t\t\t\t<div class=\"elementor-element elementor-element-45b1458 elementor-widget elementor-widget-gallery\" data-id=\"45b1458\" data-element_type=\"widget\" data-settings=\"{&quot;columns&quot;:2,&quot;aspect_ratio&quot;:&quot;1:1&quot;,&quot;lazyload&quot;:&quot;yes&quot;,&quot;gallery_layout&quot;:&quot;grid&quot;,&quot;columns_tablet&quot;:2,&quot;columns_mobile&quot;:1,&quot;gap&quot;:{&quot;unit&quot;:&quot;px&quot;,&quot;size&quot;:10,&quot;sizes&quot;:[]},&quot;gap_tablet&quot;:{&quot;unit&quot;:&quot;px&quot;,&quot;size&quot;:10,&quot;sizes&quot;:[]},&quot;gap_mobile&quot;:{&quot;unit&quot;:&quot;px&quot;,&quot;size&quot;:10,&quot;sizes&quot;:[]},&quot;link_to&quot;:&quot;file&quot;,&quot;overlay_background&quot;:&quot;yes&quot;,&quot;content_hover_animation&quot;:&quot;fade-in&quot;}\" data-widget_type=\"gallery.default\">\n\t\t\t\t<div class=\"elementor-widget-container\">\n\t\t\t\t\t\t\t<div class=\"elementor-gallery__container\">\n\t\t\t\t\t\t\t<a class=\"e-gallery-item elementor-gallery-item elementor-animated-content\" href=\"https:\/\/mom.tibidabo.hu\/wp-content\/uploads\/2026\/05\/ITPH2629-1-scaled.jpg\" data-elementor-open-lightbox=\"yes\" data-elementor-lightbox-slideshow=\"45b1458\" data-e-action-hash=\"#elementor-action%3Aaction%3Dlightbox%26settings%3DeyJpZCI6NjI3MywidXJsIjoiaHR0cHM6XC9cL21vbS50aWJpZGFiby5odVwvd3AtY29udGVudFwvdXBsb2Fkc1wvMjAyNlwvMDVcL0lUUEgyNjI5LTEtc2NhbGVkLmpwZyIsInNsaWRlc2hvdyI6IjQ1YjE0NTgifQ%3D%3D\">\n\t\t\t\t\t<div class=\"e-gallery-image elementor-gallery-item__image\" data-thumbnail=\"https:\/\/mom.tibidabo.hu\/wp-content\/uploads\/2026\/05\/ITPH2629-1-2048x2000.jpg\" data-width=\"2048\" data-height=\"2000\" aria-label=\"\" role=\"img\" ><\/div>\n\t\t\t\t\t\t\t\t\t\t\t<div class=\"elementor-gallery-item__overlay\"><\/div>\n\t\t\t\t\t\t\t\t\t\t\t\t\t\t<\/a>\n\t\t\t\t\t\t\t<a class=\"e-gallery-item elementor-gallery-item elementor-animated-content\" href=\"https:\/\/mom.tibidabo.hu\/wp-content\/uploads\/2026\/05\/ITPH2641-scaled.jpg\" data-elementor-open-lightbox=\"yes\" data-elementor-lightbox-slideshow=\"45b1458\" data-e-action-hash=\"#elementor-action%3Aaction%3Dlightbox%26settings%3DeyJpZCI6NjI3NCwidXJsIjoiaHR0cHM6XC9cL21vbS50aWJpZGFiby5odVwvd3AtY29udGVudFwvdXBsb2Fkc1wvMjAyNlwvMDVcL0lUUEgyNjQxLXNjYWxlZC5qcGciLCJzbGlkZXNob3ciOiI0NWIxNDU4In0%3D\">\n\t\t\t\t\t<div class=\"e-gallery-image elementor-gallery-item__image\" data-thumbnail=\"https:\/\/mom.tibidabo.hu\/wp-content\/uploads\/2026\/05\/ITPH2641-1638x2048.jpg\" data-width=\"1638\" data-height=\"2048\" aria-label=\"\" role=\"img\" ><\/div>\n\t\t\t\t\t\t\t\t\t\t\t<div class=\"elementor-gallery-item__overlay\"><\/div>\n\t\t\t\t\t\t\t\t\t\t\t\t\t\t<\/a>\n\t\t\t\t\t<\/div>\n\t\t\t\t\t<\/div>\n\t\t\t\t<\/div>\n\t\t\t\t<\/div>\n\t\t\t\t\t<\/div>\n\t\t\t\t<\/div>\n\t\t<div class=\"elementor-element elementor-element-1d4041e e-flex e-con-boxed e-con e-parent\" data-id=\"1d4041e\" data-element_type=\"container\">\n\t\t\t\t\t<div class=\"e-con-inner\">\n\t\t<div class=\"elementor-element elementor-element-08392a6 e-con-full e-flex e-con e-child\" data-id=\"08392a6\" data-element_type=\"container\">\n\t\t\t\t<div class=\"elementor-element elementor-element-4705276 elementor-invisible elementor-widget elementor-widget-heading\" data-id=\"4705276\" data-element_type=\"widget\" data-settings=\"{&quot;_animation&quot;:&quot;fadeInDown&quot;}\" data-widget_type=\"heading.default\">\n\t\t\t\t<div class=\"elementor-widget-container\">\n\t\t\t\t\t<h2 class=\"elementor-heading-title elementor-size-default\"><span data-start=\"39\" data-end=\"79\">Az 1+1 kokt\u00e9lakci\u00f3 k\u00fcl\u00f6nleges k\u00eds\u00e9r\u0151je.<\/span><\/h2>\t\t\t\t<\/div>\n\t\t\t\t<\/div>\n\t\t\t\t<div class=\"elementor-element elementor-element-b9c7ef2 elementor-invisible elementor-widget elementor-widget-text-editor\" data-id=\"b9c7ef2\" data-element_type=\"widget\" data-settings=\"{&quot;_animation&quot;:&quot;fadeInLeft&quot;}\" data-widget_type=\"text-editor.default\">\n\t\t\t\t<div class=\"elementor-widget-container\">\n\t\t\t\t\t\t\t\t\t<h5 data-start=\"0\" data-end=\"79\">Van valami k\u00fcl\u00f6nleges abban, amikor az asztalra \u00e9rkezik egy frissen s\u00fclt focaccia. Az illata azonnal megt\u00f6lti a teret, a meleg t\u00e9szta pedig arra h\u00edv, hogy megoszd valakivel az \u00e9lm\u00e9nyt.<\/h5><h5 data-start=\"279\" data-end=\"479\">A Tibidabo \u00c9tterem leg\u00fajabb limit\u00e1lt aj\u00e1nlata ezt a pillanatot teszi teljess\u00e9: aranybarn\u00e1ra s\u00fclt focaccia, mell\u00e9 k\u00e9t karakteres m\u00e1rtogat\u00f3ssal, f\u00fcst\u00f6s, f\u0171szeres ajv\u00e1rral \u00e9s kr\u00e9mesen friss guacamoleval.<\/h5><h5 data-start=\"481\" data-end=\"752\">A k\u00e9t \u00edz egym\u00e1s mellett egyszerre ismer\u0151s \u00e9s meglep\u0151: az ajv\u00e1r m\u00e9lys\u00e9ge \u00e9s a guacamole k\u00f6nnyeds\u00e9ge t\u00f6k\u00e9letes egyens\u00falyt teremt minden falatban. Ez az a t\u00edpus\u00fa fog\u00e1s, ami nem siet sehov\u00e1, ink\u00e1bb arra h\u00edv, hogy maradj m\u00e9g egy kicsit, \u00e9s ossz meg bel\u0151le egy \u00fajabb szeletet.<\/h5><h5 data-start=\"754\" data-end=\"880\">Ide\u00e1lis v\u00e1laszt\u00e1s egy poh\u00e1r kokt\u00e9l mell\u00e9, besz\u00e9lget\u00e9sekhez, k\u00e9s\u0151 esti lelassul\u00e1shoz vagy egy hosszabbra ny\u00fal\u00f3 est ind\u00edt\u00e1s\u00e1hoz.<\/h5><h5 data-start=\"882\" data-end=\"964\">\u00c9s ami fontos: ez az aj\u00e1nlat kiz\u00e1r\u00f3lag az 1+1 kokt\u00e9lakci\u00f3 ideje alatt \u00e9rhet\u0151 el.<\/h5><h5 data-start=\"966\" data-end=\"1012\"><strong data-start=\"966\" data-end=\"1002\">Focaccia ajv\u00e1rral &amp; guacamoleval &#8211; <\/strong>2490 Ft<\/h5>\t\t\t\t\t\t\t\t<\/div>\n\t\t\t\t<\/div>\n\t\t\t\t<\/div>\n\t\t\t\t\t<\/div>\n\t\t\t\t<\/div>\n\t\t<div class=\"elementor-element elementor-element-455ec97 e-flex e-con-boxed e-con e-parent\" data-id=\"455ec97\" data-element_type=\"container\">\n\t\t\t\t\t<div class=\"e-con-inner\">\n\t\t\t\t<div class=\"elementor-element elementor-element-71882cf elementor-widget elementor-widget-gallery\" data-id=\"71882cf\" data-element_type=\"widget\" data-settings=\"{&quot;columns&quot;:3,&quot;gap&quot;:{&quot;unit&quot;:&quot;px&quot;,&quot;size&quot;:9,&quot;sizes&quot;:[]},&quot;aspect_ratio&quot;:&quot;1:1&quot;,&quot;lazyload&quot;:&quot;yes&quot;,&quot;gallery_layout&quot;:&quot;grid&quot;,&quot;columns_tablet&quot;:2,&quot;columns_mobile&quot;:1,&quot;gap_tablet&quot;:{&quot;unit&quot;:&quot;px&quot;,&quot;size&quot;:10,&quot;sizes&quot;:[]},&quot;gap_mobile&quot;:{&quot;unit&quot;:&quot;px&quot;,&quot;size&quot;:10,&quot;sizes&quot;:[]},&quot;link_to&quot;:&quot;file&quot;,&quot;overlay_background&quot;:&quot;yes&quot;,&quot;content_hover_animation&quot;:&quot;fade-in&quot;}\" data-widget_type=\"gallery.default\">\n\t\t\t\t<div class=\"elementor-widget-container\">\n\t\t\t\t\t\t\t<div class=\"elementor-gallery__container\">\n\t\t\t\t\t\t\t<a class=\"e-gallery-item elementor-gallery-item elementor-animated-content\" href=\"https:\/\/mom.tibidabo.hu\/wp-content\/uploads\/2026\/05\/Nevtelen-terv-15.png\" data-elementor-open-lightbox=\"yes\" data-elementor-lightbox-slideshow=\"71882cf\" data-e-action-hash=\"#elementor-action%3Aaction%3Dlightbox%26settings%3DeyJpZCI6NjI2OCwidXJsIjoiaHR0cHM6XC9cL21vbS50aWJpZGFiby5odVwvd3AtY29udGVudFwvdXBsb2Fkc1wvMjAyNlwvMDVcL05ldnRlbGVuLXRlcnYtMTUucG5nIiwic2xpZGVzaG93IjoiNzE4ODJjZiJ9\">\n\t\t\t\t\t<div class=\"e-gallery-image elementor-gallery-item__image\" data-thumbnail=\"https:\/\/mom.tibidabo.hu\/wp-content\/uploads\/2026\/05\/Nevtelen-terv-15.png\" data-width=\"1200\" data-height=\"1200\" aria-label=\"\" role=\"img\" ><\/div>\n\t\t\t\t\t\t\t\t\t\t\t<div class=\"elementor-gallery-item__overlay\"><\/div>\n\t\t\t\t\t\t\t\t\t\t\t\t\t\t<\/a>\n\t\t\t\t\t\t\t<a class=\"e-gallery-item elementor-gallery-item elementor-animated-content\" href=\"https:\/\/mom.tibidabo.hu\/wp-content\/uploads\/2026\/05\/ITPH2132-scaled.jpg\" data-elementor-open-lightbox=\"yes\" data-elementor-lightbox-slideshow=\"71882cf\" data-e-action-hash=\"#elementor-action%3Aaction%3Dlightbox%26settings%3DeyJpZCI6NjI3NiwidXJsIjoiaHR0cHM6XC9cL21vbS50aWJpZGFiby5odVwvd3AtY29udGVudFwvdXBsb2Fkc1wvMjAyNlwvMDVcL0lUUEgyMTMyLXNjYWxlZC5qcGciLCJzbGlkZXNob3ciOiI3MTg4MmNmIn0%3D\">\n\t\t\t\t\t<div class=\"e-gallery-image elementor-gallery-item__image\" data-thumbnail=\"https:\/\/mom.tibidabo.hu\/wp-content\/uploads\/2026\/05\/ITPH2132-scaled.jpg\" data-width=\"2048\" data-height=\"2560\" aria-label=\"\" role=\"img\" ><\/div>\n\t\t\t\t\t\t\t\t\t\t\t<div class=\"elementor-gallery-item__overlay\"><\/div>\n\t\t\t\t\t\t\t\t\t\t\t\t\t\t<\/a>\n\t\t\t\t\t\t\t<a class=\"e-gallery-item elementor-gallery-item elementor-animated-content\" href=\"https:\/\/mom.tibidabo.hu\/wp-content\/uploads\/2026\/05\/ITPH2135-scaled.jpg\" data-elementor-open-lightbox=\"yes\" data-elementor-lightbox-slideshow=\"71882cf\" data-e-action-hash=\"#elementor-action%3Aaction%3Dlightbox%26settings%3DeyJpZCI6NjI3NywidXJsIjoiaHR0cHM6XC9cL21vbS50aWJpZGFiby5odVwvd3AtY29udGVudFwvdXBsb2Fkc1wvMjAyNlwvMDVcL0lUUEgyMTM1LXNjYWxlZC5qcGciLCJzbGlkZXNob3ciOiI3MTg4MmNmIn0%3D\">\n\t\t\t\t\t<div class=\"e-gallery-image elementor-gallery-item__image\" data-thumbnail=\"https:\/\/mom.tibidabo.hu\/wp-content\/uploads\/2026\/05\/ITPH2135-scaled.jpg\" data-width=\"2560\" data-height=\"2235\" aria-label=\"\" role=\"img\" ><\/div>\n\t\t\t\t\t\t\t\t\t\t\t<div class=\"elementor-gallery-item__overlay\"><\/div>\n\t\t\t\t\t\t\t\t\t\t\t\t\t\t<\/a>\n\t\t\t\t\t<\/div>\n\t\t\t\t\t<\/div>\n\t\t\t\t<\/div>\n\t\t\t\t<div class=\"elementor-element elementor-element-b5dadad elementor-align-center elementor-widget elementor-widget-button\" data-id=\"b5dadad\" data-element_type=\"widget\" data-widget_type=\"button.default\">\n\t\t\t\t<div class=\"elementor-widget-container\">\n\t\t\t\t\t\t\t\t\t<div class=\"elementor-button-wrapper\">\n\t\t\t\t\t<a class=\"elementor-button elementor-button-link elementor-size-lg elementor-animation-grow\" href=\"https:\/\/mom.tibidabo.hu\/en\/itallap\/\">\n\t\t\t\t\t\t<span class=\"elementor-button-content-wrapper\">\n\t\t\t\t\t\t\t\t\t<span class=\"elementor-button-text\">itallap<\/span>\n\t\t\t\t\t<\/span>\n\t\t\t\t\t<\/a>\n\t\t\t\t<\/div>\n\t\t\t\t\t\t\t\t<\/div>\n\t\t\t\t<\/div>\n\t\t\t\t\t<\/div>\n\t\t\t\t<\/div>\n\t\t<div class=\"elementor-element elementor-element-1d1f5f2 e-flex e-con-boxed e-con e-parent\" data-id=\"1d1f5f2\" data-element_type=\"container\" data-settings=\"{&quot;background_background&quot;:&quot;classic&quot;}\">\n\t\t\t\t\t<div class=\"e-con-inner\">\n\t\t\t\t<div class=\"elementor-element elementor-element-df09fe1 elementor-invisible elementor-widget elementor-widget-heading\" data-id=\"df09fe1\" data-element_type=\"widget\" data-settings=\"{&quot;_animation&quot;:&quot;fadeInDown&quot;}\" data-widget_type=\"heading.default\">\n\t\t\t\t<div class=\"elementor-widget-container\">\n\t\t\t\t\t<h2 class=\"elementor-heading-title elementor-size-default\">V\u00e1r benneteket p\u00e9nteki kokt\u00e9l akci\u00f3ra<br>a Tibidabo Glut\u00e9nmentes \u00c9tterem!<\/h2>\t\t\t\t<\/div>\n\t\t\t\t<\/div>\n\t\t\t\t\t<\/div>\n\t\t\t\t<\/div>\n\t\t\t\t<\/div>","protected":false},"excerpt":{"rendered":"<p>AFTER WORK \u2013 1+1 kokt\u00e9lakci\u00f3 a Tibidabo \u00c9tteremben Asztalfoglal\u00e1s G\u00f6rgess lejjebb a r\u00e9szletek\u00e9rt! P\u00e9ntek? Akkor kokt\u00e9l. M\u00e1jus 15-t\u0151l minden p\u00e9nteken beindul a Tibidabo after work, ahol a stresszt kokt\u00e9lra cser\u00e9lj\u00fck. M\u00e1jus 15-\u00e9n, 22-\u00e9n, \u00e9s 29-\u00e9n (p\u00e9ntekenk\u00e9nt) 15:00\u201319:00 k\u00f6z\u00f6tt 1-et fizetsz, 2-t kapsz minden kokt\u00e9lra \u00e9s mokt\u00e9lra! \u00a0 Hozhatod a koll\u00e9g\u00e1kat, a bar\u00e1tokat, vagy j\u00f6hettek ak\u00e1r [&hellip;]<\/p>","protected":false},"author":2,"featured_media":0,"parent":0,"menu_order":0,"comment_status":"closed","ping_status":"closed","template":"elementor_canvas","meta":{"footnotes":""},"class_list":["post-6263","page","type-page","status-publish","hentry"],"_links":{"self":[{"href":"https:\/\/mom.tibidabo.hu\/en\/wp-json\/wp\/v2\/pages\/6263","targetHints":{"allow":["GET"]}}],"collection":[{"href":"https:\/\/mom.tibidabo.hu\/en\/wp-json\/wp\/v2\/pages"}],"about":[{"href":"https:\/\/mom.tibidabo.hu\/en\/wp-json\/wp\/v2\/types\/page"}],"author":[{"embeddable":true,"href":"https:\/\/mom.tibidabo.hu\/en\/wp-json\/wp\/v2\/users\/2"}],"replies":[{"embeddable":true,"href":"https:\/\/mom.tibidabo.hu\/en\/wp-json\/wp\/v2\/comments?post=6263"}],"version-history":[{"count":29,"href":"https:\/\/mom.tibidabo.hu\/en\/wp-json\/wp\/v2\/pages\/6263\/revisions"}],"predecessor-version":[{"id":6317,"href":"https:\/\/mom.tibidabo.hu\/en\/wp-json\/wp\/v2\/pages\/6263\/revisions\/6317"}],"wp:attachment":[{"href":"https:\/\/mom.tibidabo.hu\/en\/wp-json\/wp\/v2\/media?parent=6263"}],"curies":[{"name":"wp","href":"https:\/\/api.w.org\/{rel}","templated":true}]}}