{"id":649,"date":"2024-09-23T20:26:49","date_gmt":"2024-09-23T18:26:49","guid":{"rendered":"https:\/\/mom.tibidabo.hu\/?page_id=649"},"modified":"2026-04-23T12:57:05","modified_gmt":"2026-04-23T10:57:05","slug":"rolunk","status":"publish","type":"page","link":"https:\/\/mom.tibidabo.hu\/en\/rolunk\/","title":{"rendered":"About us"},"content":{"rendered":"<div data-elementor-type=\"wp-page\" data-elementor-id=\"649\" class=\"elementor elementor-649\" data-elementor-post-type=\"page\">\n\t\t\t\t<div class=\"elementor-element elementor-element-f6fcb92 e-con-full e-flex e-con e-parent\" data-id=\"f6fcb92\" data-element_type=\"container\">\n\t\t<div class=\"elementor-element elementor-element-ab2288a e-con-full e-flex e-con e-child\" data-id=\"ab2288a\" data-element_type=\"container\">\n\t\t<div class=\"elementor-element elementor-element-7536cb6 e-con-full e-flex elementor-invisible e-con e-child\" data-id=\"7536cb6\" data-element_type=\"container\" data-settings=\"{&quot;animation&quot;:&quot;fadeInLeft&quot;,&quot;animation_delay&quot;:700}\">\n\t\t\t\t<div class=\"elementor-element elementor-element-14328f5 elementor-widget elementor-widget-image\" data-id=\"14328f5\" data-element_type=\"widget\" data-widget_type=\"image.default\">\n\t\t\t\t<div class=\"elementor-widget-container\">\n\t\t\t\t\t\t\t\t\t\t\t\t\t\t\t<img fetchpriority=\"high\" decoding=\"async\" width=\"4000\" height=\"3000\" src=\"https:\/\/mom.tibidabo.hu\/wp-content\/uploads\/2024\/11\/20241114_094300.webp\" class=\"attachment-full size-full wp-image-2658\" alt=\"\" srcset=\"https:\/\/mom.tibidabo.hu\/wp-content\/uploads\/2024\/11\/20241114_094300.webp 4000w, https:\/\/mom.tibidabo.hu\/wp-content\/uploads\/2024\/11\/20241114_094300-300x225.webp 300w, https:\/\/mom.tibidabo.hu\/wp-content\/uploads\/2024\/11\/20241114_094300-1024x768.webp 1024w, https:\/\/mom.tibidabo.hu\/wp-content\/uploads\/2024\/11\/20241114_094300-768x576.webp 768w, https:\/\/mom.tibidabo.hu\/wp-content\/uploads\/2024\/11\/20241114_094300-1536x1152.webp 1536w, https:\/\/mom.tibidabo.hu\/wp-content\/uploads\/2024\/11\/20241114_094300-2048x1536.webp 2048w\" sizes=\"(max-width: 4000px) 100vw, 4000px\" \/>\t\t\t\t\t\t\t\t\t\t\t\t\t\t\t<\/div>\n\t\t\t\t<\/div>\n\t\t\t\t<\/div>\n\t\t<div class=\"elementor-element elementor-element-6af7af1 e-con-full e-flex e-con e-child\" data-id=\"6af7af1\" data-element_type=\"container\">\n\t\t\t\t<div class=\"elementor-element elementor-element-bbfa699 elementor-widget elementor-widget-heading\" data-id=\"bbfa699\" data-element_type=\"widget\" data-widget_type=\"heading.default\">\n\t\t\t\t<div class=\"elementor-widget-container\">\n\t\t\t\t\t<h2 class=\"elementor-heading-title elementor-size-default\">Our Mission<\/h2>\t\t\t\t<\/div>\n\t\t\t\t<\/div>\n\t\t\t\t<div class=\"elementor-element elementor-element-d77b26c elementor-widget elementor-widget-text-editor\" data-id=\"d77b26c\" data-element_type=\"widget\" data-widget_type=\"text-editor.default\">\n\t\t\t\t<div class=\"elementor-widget-container\">\n\t\t\t\t\t\t\t\t\t<p>The idea of Tibidabo stems from an owner who personally understands the challenges of food sensitivities. Erik Nyakas and his team envisioned and created a restaurant where every guest with special dietary needs - whether due to a diet or intolerance - can enjoy our dishes safely and comfortably. We believe that \"free-from\" dining should never compromise on taste or the culinary experience. Our entire menu is gluten-free, and we also offer a variety of lactose-free, meat-free, dairy-free, low-carb, and vegan dishes, while still catering to those who prefer more traditional fare.<\/p>\t\t\t\t\t\t\t\t<\/div>\n\t\t\t\t<\/div>\n\t\t\t\t<\/div>\n\t\t\t\t<\/div>\n\t\t<div class=\"elementor-element elementor-element-4ba3986 e-con-full e-flex e-con e-child\" data-id=\"4ba3986\" data-element_type=\"container\">\n\t\t<div class=\"elementor-element elementor-element-abd5120 e-con-full e-flex e-con e-child\" data-id=\"abd5120\" data-element_type=\"container\">\n\t\t\t\t<div class=\"elementor-element elementor-element-f26b4f5 elementor-widget elementor-widget-heading\" data-id=\"f26b4f5\" data-element_type=\"widget\" data-widget_type=\"heading.default\">\n\t\t\t\t<div class=\"elementor-widget-container\">\n\t\t\t\t\t<h2 class=\"elementor-heading-title elementor-size-default\">Restaurant &amp; Bakery<\/h2>\t\t\t\t<\/div>\n\t\t\t\t<\/div>\n\t\t\t\t<div class=\"elementor-element elementor-element-5ebfd92 elementor-widget elementor-widget-text-editor\" data-id=\"5ebfd92\" data-element_type=\"widget\" data-widget_type=\"text-editor.default\">\n\t\t\t\t<div class=\"elementor-widget-container\">\n\t\t\t\t\t\t\t\t\t<p>A MOM Parkban tal\u00e1lhat\u00f3 helysz\u00edn k\u00e9t r\u00e9szb\u0151l \u00e1ll: egy hangulatos p\u00e9ks\u00e9gb\u0151l \u00e9s egy t\u00e1gas \u00e9tteremb\u0151l. A p\u00e9ks\u00e9gi r\u00e9szben friss szendvicsekkel \u00e9s k\u00e1v\u00e9val v\u00e1runk, h\u00e9tf\u0151t\u0151l p\u00e9ntekig pedig a teljes p\u00e9k\u00e1ruk\u00edn\u00e1lat is el\u00e9rhet\u0151: frissen s\u00fclt, glut\u00e9nmentes kenyerek, kiflik, bagettek \u00e9s \u00edzletes szendvicsek sz\u00e9les v\u00e1laszt\u00e9ka.<\/p><p>Az \u00e9tterm\u00fcnkben a reggeli men\u00fc minden nap 11:30-ig \u00e9rhet\u0151 el, ezt k\u00f6vet\u0151en 11:30-t\u00f3l az \u00e1 la carte \u00e9tlapunk gazdag k\u00edn\u00e1lat\u00e1b\u00f3l lehet v\u00e1lasztani. A k\u00edn\u00e1latban sal\u00e1t\u00e1k, levesek, bowlok, flatbreadek, valamint h\u00fasos, halas \u00e9s veget\u00e1ri\u00e1nus f\u0151\u00e9telek, mellett\u00fck ellen\u00e1llhatatlan desszertek szerepelnek. H\u00e9tf\u0151t\u0151l p\u00e9ntekig 11:30 \u00e9s 15:00 k\u00f6z\u00f6tt napi aj\u00e1nlattal is b\u0151v\u00fcl a v\u00e1laszt\u00e9k, \u00edgy minden napszakban v\u00e1ltozatos opci\u00f3k k\u00f6z\u00fcl lehet v\u00e1logatni.<\/p><p>Kiemelt fog\u00e1saink k\u00f6z\u00e9 tartozik t\u00f6bbek k\u00f6z\u00f6tt a piszt\u00e1ci\u00e1s sz\u0171z\u00e9rme, a csicseribors\u00f3-krokett, a teriyaki tonhalsteak, a h\u00e1zi gnocchi, valamint a h\u00e1rom f\u00e9le burger\u00fcnk is, amelyek a v\u00e1ltozatos f\u0151\u00e9tel-k\u00edn\u00e1lat meghat\u00e1roz\u00f3 elemei.<\/p>\t\t\t\t\t\t\t\t<\/div>\n\t\t\t\t<\/div>\n\t\t\t\t<\/div>\n\t\t<div class=\"elementor-element elementor-element-b16f929 e-con-full e-flex elementor-invisible e-con e-child\" data-id=\"b16f929\" data-element_type=\"container\" data-settings=\"{&quot;animation&quot;:&quot;fadeInLeft&quot;,&quot;animation_delay&quot;:700}\">\n\t\t\t\t<div class=\"elementor-element elementor-element-ecc09e2 elementor-widget elementor-widget-image\" data-id=\"ecc09e2\" data-element_type=\"widget\" data-widget_type=\"image.default\">\n\t\t\t\t<div class=\"elementor-widget-container\">\n\t\t\t\t\t\t\t\t\t\t\t\t\t\t\t<img decoding=\"async\" width=\"4000\" height=\"3000\" src=\"https:\/\/mom.tibidabo.hu\/wp-content\/uploads\/2024\/11\/20241114_095838.webp\" class=\"attachment-full size-full wp-image-2664\" alt=\"\" srcset=\"https:\/\/mom.tibidabo.hu\/wp-content\/uploads\/2024\/11\/20241114_095838.webp 4000w, https:\/\/mom.tibidabo.hu\/wp-content\/uploads\/2024\/11\/20241114_095838-300x225.webp 300w, https:\/\/mom.tibidabo.hu\/wp-content\/uploads\/2024\/11\/20241114_095838-1024x768.webp 1024w, https:\/\/mom.tibidabo.hu\/wp-content\/uploads\/2024\/11\/20241114_095838-768x576.webp 768w, https:\/\/mom.tibidabo.hu\/wp-content\/uploads\/2024\/11\/20241114_095838-1536x1152.webp 1536w, https:\/\/mom.tibidabo.hu\/wp-content\/uploads\/2024\/11\/20241114_095838-2048x1536.webp 2048w\" sizes=\"(max-width: 4000px) 100vw, 4000px\" \/>\t\t\t\t\t\t\t\t\t\t\t\t\t\t\t<\/div>\n\t\t\t\t<\/div>\n\t\t\t\t<\/div>\n\t\t\t\t<\/div>\n\t\t<div class=\"elementor-element elementor-element-1e67347 e-con-full e-flex e-con e-child\" data-id=\"1e67347\" data-element_type=\"container\">\n\t\t<div class=\"elementor-element elementor-element-cd0e3d2 e-con-full e-flex elementor-invisible e-con e-child\" data-id=\"cd0e3d2\" data-element_type=\"container\" data-settings=\"{&quot;animation&quot;:&quot;fadeInLeft&quot;,&quot;animation_delay&quot;:700}\">\n\t\t\t\t<div class=\"elementor-element elementor-element-1912af8 elementor-widget elementor-widget-image\" data-id=\"1912af8\" data-element_type=\"widget\" data-widget_type=\"image.default\">\n\t\t\t\t<div class=\"elementor-widget-container\">\n\t\t\t\t\t\t\t\t\t\t\t\t\t\t\t<img decoding=\"async\" width=\"4000\" height=\"3000\" src=\"https:\/\/mom.tibidabo.hu\/wp-content\/uploads\/2025\/08\/Nevtelen-511-x-296-keppont-1-2.png\" class=\"attachment-full size-full wp-image-4288\" alt=\"\" srcset=\"https:\/\/mom.tibidabo.hu\/wp-content\/uploads\/2025\/08\/Nevtelen-511-x-296-keppont-1-2.png 4000w, https:\/\/mom.tibidabo.hu\/wp-content\/uploads\/2025\/08\/Nevtelen-511-x-296-keppont-1-2-300x225.png 300w, https:\/\/mom.tibidabo.hu\/wp-content\/uploads\/2025\/08\/Nevtelen-511-x-296-keppont-1-2-1024x768.png 1024w, https:\/\/mom.tibidabo.hu\/wp-content\/uploads\/2025\/08\/Nevtelen-511-x-296-keppont-1-2-768x576.png 768w, https:\/\/mom.tibidabo.hu\/wp-content\/uploads\/2025\/08\/Nevtelen-511-x-296-keppont-1-2-1536x1152.png 1536w, https:\/\/mom.tibidabo.hu\/wp-content\/uploads\/2025\/08\/Nevtelen-511-x-296-keppont-1-2-2048x1536.png 2048w, https:\/\/mom.tibidabo.hu\/wp-content\/uploads\/2025\/08\/Nevtelen-511-x-296-keppont-1-2-16x12.png 16w\" sizes=\"(max-width: 4000px) 100vw, 4000px\" \/>\t\t\t\t\t\t\t\t\t\t\t\t\t\t\t<\/div>\n\t\t\t\t<\/div>\n\t\t\t\t<\/div>\n\t\t<div class=\"elementor-element elementor-element-b0e7734 e-con-full e-flex e-con e-child\" data-id=\"b0e7734\" data-element_type=\"container\">\n\t\t\t\t<div class=\"elementor-element elementor-element-f96b732 elementor-widget elementor-widget-heading\" data-id=\"f96b732\" data-element_type=\"widget\" data-widget_type=\"heading.default\">\n\t\t\t\t<div class=\"elementor-widget-container\">\n\t\t\t\t\t<h2 class=\"elementor-heading-title elementor-size-default\">T\u00f6rt\u00e9net\u00fcnk<\/h2>\t\t\t\t<\/div>\n\t\t\t\t<\/div>\n\t\t\t\t<div class=\"elementor-element elementor-element-697d1dd elementor-widget elementor-widget-text-editor\" data-id=\"697d1dd\" data-element_type=\"widget\" data-widget_type=\"text-editor.default\">\n\t\t\t\t<div class=\"elementor-widget-container\">\n\t\t\t\t\t\t\t\t\t<p>A legenda szerint az \u00f6rd\u00f6g egy magas hegy tetej\u00e9re vitte J\u00e9zust, \u00e9s \u00edgy sz\u00f3lt: \u201eTibi dabo\u201d \u2013 \u201eNeked adom\u201d, felaj\u00e1nlva neki a vil\u00e1g minden kincs\u00e9t, ha meghajol el\u0151tte. J\u00e9zus azonban visszautas\u00edtotta a k\u00eds\u00e9rt\u00e9st, mert tudta, hogy nem minden aj\u00e1nd\u00e9k sz\u00e1rmazik j\u00f3 sz\u00e1nd\u00e9kb\u00f3l. Mi, a Tibidabo csapat\u00e1ban, eg\u00e9szen m\u00e1sk\u00e9pp gondolkodunk. Mi is adni akarunk, de csak j\u00f3t. N\u00e1lunk a n\u00e9v azt jelenti: \u201eNeked adjuk\u201d \u2013 tiszt\u00e1n, \u0151szint\u00e9n, szeretettel. Hisz\u00fcnk abban, hogy az \u00e9tel nem csup\u00e1n t\u00e1pl\u00e1l\u00e9k, hanem t\u00f6r\u0151d\u00e9s is. Glut\u00e9nmentes fog\u00e1saink nemcsak eg\u00e9szs\u00e9gesek, hanem val\u00f3di \u00e9lm\u00e9nyt ny\u00fajtanak, mert hissz\u00fck, hogy amit adunk, annak j\u00f3nak kell lennie.<\/p>\t\t\t\t\t\t\t\t<\/div>\n\t\t\t\t<\/div>\n\t\t\t\t<\/div>\n\t\t\t\t<\/div>\n\t\t<div class=\"elementor-element elementor-element-4a3cb80 e-con-full e-flex e-con e-child\" data-id=\"4a3cb80\" data-element_type=\"container\">\n\t\t<div class=\"elementor-element elementor-element-7d0b5ce e-con-full e-flex e-con e-child\" data-id=\"7d0b5ce\" data-element_type=\"container\">\n\t\t\t\t<div class=\"elementor-element elementor-element-0bcd77e elementor-widget elementor-widget-heading\" data-id=\"0bcd77e\" data-element_type=\"widget\" data-widget_type=\"heading.default\">\n\t\t\t\t<div class=\"elementor-widget-container\">\n\t\t\t\t\t<h2 class=\"elementor-heading-title elementor-size-default\">The Other Tibidabo<\/h2>\t\t\t\t<\/div>\n\t\t\t\t<\/div>\n\t\t\t\t<div class=\"elementor-element elementor-element-b4dfda4 elementor-widget elementor-widget-text-editor\" data-id=\"b4dfda4\" data-element_type=\"widget\" data-widget_type=\"text-editor.default\">\n\t\t\t\t<div class=\"elementor-widget-container\">\n\t\t\t\t\t\t\t\t\t<p>A Tibidabo specialit\u00e1sa olyan glut\u00e9nmentes p\u00e9ks\u00fctem\u00e9nyek k\u00e9sz\u00edt\u00e9se, melyek egyben lakt\u00f3z-, hozz\u00e1adott r\u00e9pacukor-, sz\u00f3ja-, \u00e9s mesters\u00e9ges adal\u00e9kanyag-mentesek. Megannyi term\u00e9k\u00fcnk sz\u00e9nhidr\u00e1tcs\u00f6kkentett is, \u00edgy azoknak is ide\u00e1lisak, akik valamilyen di\u00e9t\u00e1t k\u00f6vetnek. A hagyom\u00e1nyos alapanyagok helyett, mint a rizs, kukorica \u00e9s burgonya, f\u0151leg hajdina-, k\u00f6les-, bambuszrost-, \u00fatif\u0171magh\u00e9j- \u00e9s ciroklisztet haszn\u00e1lunk. Doh\u00e1ny utcai p\u00e9ks\u00e9g\u00fcnkben a friss p\u00e9kterm\u00e9kek \u00e9s p\u00e9ks\u00fctem\u00e9nyek mellett sz\u00e9les szendvics-, cukr\u00e1szterm\u00e9k \u00e9s specialty k\u00e1v\u00e9 k\u00edn\u00e1lattal v\u00e1rjuk vend\u00e9geinket. K\u00e1v\u00e9z\u00f3nk fels\u0151 szintje open office-k\u00e9nt is \u00fczemel.<\/p>\t\t\t\t\t\t\t\t<\/div>\n\t\t\t\t<\/div>\n\t\t\t\t<\/div>\n\t\t<div class=\"elementor-element elementor-element-d00f756 e-con-full e-flex elementor-invisible e-con e-child\" data-id=\"d00f756\" data-element_type=\"container\" data-settings=\"{&quot;animation&quot;:&quot;fadeInLeft&quot;,&quot;animation_delay&quot;:700}\">\n\t\t\t\t<div class=\"elementor-element elementor-element-d15df44 elementor-widget elementor-widget-image\" data-id=\"d15df44\" data-element_type=\"widget\" data-widget_type=\"image.default\">\n\t\t\t\t<div class=\"elementor-widget-container\">\n\t\t\t\t\t\t\t\t\t\t\t\t\t\t\t<img loading=\"lazy\" decoding=\"async\" width=\"1224\" height=\"816\" src=\"https:\/\/mom.tibidabo.hu\/wp-content\/uploads\/2024\/11\/016.jpg\" class=\"attachment-full size-full wp-image-2669\" alt=\"\" srcset=\"https:\/\/mom.tibidabo.hu\/wp-content\/uploads\/2024\/11\/016.jpg 1224w, https:\/\/mom.tibidabo.hu\/wp-content\/uploads\/2024\/11\/016-300x200.jpg 300w, https:\/\/mom.tibidabo.hu\/wp-content\/uploads\/2024\/11\/016-1024x683.jpg 1024w, https:\/\/mom.tibidabo.hu\/wp-content\/uploads\/2024\/11\/016-768x512.jpg 768w\" sizes=\"(max-width: 1224px) 100vw, 1224px\" \/>\t\t\t\t\t\t\t\t\t\t\t\t\t\t\t<\/div>\n\t\t\t\t<\/div>\n\t\t\t\t<\/div>\n\t\t\t\t<\/div>\n\t\t\t\t<\/div>\n\t\t\t\t<\/div>","protected":false},"excerpt":{"rendered":"<p>K\u00fcldet\u00e9s\u00fcnk A Tibidabo \u00f6tlete olyan tulajdonosnak k\u00f6sz\u00f6nhet\u0151, aki maga is \u00e9rintett az \u00e9tel\u00e9rz\u00e9kenys\u00e9g k\u00e9rd\u00e9s\u00e9ben. Nyakas Erik \u00e9s csapata olyan \u00e9ttermet \u00e1lmodott meg \u00e9s hozott l\u00e9tre, ahol minden vend\u00e9g\u00fcnk, akinek speci\u00e1lis \u00e9tkez\u00e9si ig\u00e9nyei vannak \u2013 legyen sz\u00f3 di\u00e9t\u00e1r\u00f3l vagy intoleranci\u00e1r\u00f3l \u2013, nyugodtan \u00e9s biztons\u00e1gosan \u00e9lvezheti \u00e9teleinket. Hisz\u00fcnk abban, hogy a \u201ementes\u201d t\u00e1pl\u00e1lkoz\u00e1s nem jelenthet kompromisszumot az [&hellip;]<\/p>","protected":false},"author":1,"featured_media":2109,"parent":0,"menu_order":0,"comment_status":"closed","ping_status":"closed","template":"","meta":{"footnotes":""},"class_list":["post-649","page","type-page","status-publish","has-post-thumbnail","hentry"],"_links":{"self":[{"href":"https:\/\/mom.tibidabo.hu\/en\/wp-json\/wp\/v2\/pages\/649","targetHints":{"allow":["GET"]}}],"collection":[{"href":"https:\/\/mom.tibidabo.hu\/en\/wp-json\/wp\/v2\/pages"}],"about":[{"href":"https:\/\/mom.tibidabo.hu\/en\/wp-json\/wp\/v2\/types\/page"}],"author":[{"embeddable":true,"href":"https:\/\/mom.tibidabo.hu\/en\/wp-json\/wp\/v2\/users\/1"}],"replies":[{"embeddable":true,"href":"https:\/\/mom.tibidabo.hu\/en\/wp-json\/wp\/v2\/comments?post=649"}],"version-history":[{"count":100,"href":"https:\/\/mom.tibidabo.hu\/en\/wp-json\/wp\/v2\/pages\/649\/revisions"}],"predecessor-version":[{"id":6179,"href":"https:\/\/mom.tibidabo.hu\/en\/wp-json\/wp\/v2\/pages\/649\/revisions\/6179"}],"wp:featuredmedia":[{"embeddable":true,"href":"https:\/\/mom.tibidabo.hu\/en\/wp-json\/wp\/v2\/media\/2109"}],"wp:attachment":[{"href":"https:\/\/mom.tibidabo.hu\/en\/wp-json\/wp\/v2\/media?parent=649"}],"curies":[{"name":"wp","href":"https:\/\/api.w.org\/{rel}","templated":true}]}}